{"id":1073,"date":"2021-08-03T13:23:17","date_gmt":"2021-08-03T11:23:17","guid":{"rendered":"https:\/\/www.symfollies.com\/over-symfollies\/hoofdpersonages\/"},"modified":"2021-08-09T10:49:47","modified_gmt":"2021-08-09T08:49:47","slug":"hoofdpersonages","status":"publish","type":"page","link":"https:\/\/www.symfollies.com\/es\/over-symfollies\/hoofdpersonages\/","title":{"rendered":"Personajes"},"content":{"rendered":"<h4>STRADI<\/h4>\n<p><img loading=\"lazy\" decoding=\"async\" class=\"alignnone size-full wp-image-423\" src=\"https:\/\/www.symfollies.com\/wp-content\/uploads\/2021\/08\/stradi.jpg\" alt=\"\" width=\"288\" height=\"480\" srcset=\"https:\/\/www.symfollies.com\/wp-content\/uploads\/2021\/08\/stradi.jpg 288w, https:\/\/www.symfollies.com\/wp-content\/uploads\/2021\/08\/stradi-180x300.jpg 180w\" sizes=\"auto, (max-width: 288px) 100vw, 288px\" \/><\/p>\n<p>Stradi, el viol\u00edn: es uno de los protagonistas de la serie. Es aventurero, audaz pero algo indisciplinado. Inteligente y despierto, vive junto a su hermana Viola multitud de divertidas aventuras.<\/p>\n<p>&nbsp;<\/p>\n<h4>VIOLA<\/h4>\n<p><img loading=\"lazy\" decoding=\"async\" class=\"alignnone size-full wp-image-159\" src=\"https:\/\/www.symfollies.com\/wp-content\/uploads\/2021\/08\/viola.jpg\" alt=\"\" width=\"288\" height=\"480\" srcset=\"https:\/\/www.symfollies.com\/wp-content\/uploads\/2021\/08\/viola.jpg 288w, https:\/\/www.symfollies.com\/wp-content\/uploads\/2021\/08\/viola-180x300.jpg 180w\" sizes=\"auto, (max-width: 288px) 100vw, 288px\" \/><\/p>\n<p>La hermana mayor del viol\u00edn es una chica bonita y sensible, en ocasiones un poco testaruda. Es menos aventurera que Stradi pero sabe defenderse por s\u00ed misma. Como en todas las familias, tiene discusiones con su hermano peque\u00f1o!.<\/p>\n<h4><\/h4>\n<h4>CELINE<\/h4>\n<p><img loading=\"lazy\" decoding=\"async\" class=\"alignnone size-full wp-image-157\" src=\"https:\/\/www.symfollies.com\/wp-content\/uploads\/2021\/08\/celine.jpg\" alt=\"\" width=\"288\" height=\"480\" srcset=\"https:\/\/www.symfollies.com\/wp-content\/uploads\/2021\/08\/celine.jpg 288w, https:\/\/www.symfollies.com\/wp-content\/uploads\/2021\/08\/celine-180x300.jpg 180w\" sizes=\"auto, (max-width: 288px) 100vw, 288px\" \/><\/p>\n<p>Es la mam\u00e1 de la familia, de car\u00e1cter suave pero determinante. Conoce y entiende mejor a la gente joven que pap\u00e1 Bass y media en los confictos. Es la que organiza la vida familiar.<\/p>\n<h4><\/h4>\n<h4>BASS<\/h4>\n<p><img loading=\"lazy\" decoding=\"async\" class=\"alignnone size-full wp-image-156\" src=\"https:\/\/www.symfollies.com\/wp-content\/uploads\/2021\/08\/bass.jpg\" alt=\"\" width=\"288\" height=\"480\" srcset=\"https:\/\/www.symfollies.com\/wp-content\/uploads\/2021\/08\/bass.jpg 288w, https:\/\/www.symfollies.com\/wp-content\/uploads\/2021\/08\/bass-180x300.jpg 180w\" sizes=\"auto, (max-width: 288px) 100vw, 288px\" \/><\/p>\n<p>Es el padre de la familia. Es bondadoso, cari\u00f1oso y siempre est\u00e1 de buen humor, aunque siempre severo. Cuando se r\u00ede su barriga se mueve, y cuando se enfada su bigote se curva. Es el mas cobarde de la familia.<\/p>\n","protected":false},"excerpt":{"rendered":"<p>STRADI Stradi, el viol\u00edn: es uno de los protagonistas de la serie. Es aventurero, audaz pero algo indisciplinado. Inteligente y despierto, vive junto&#8230;<\/p>\n","protected":false},"author":1,"featured_media":0,"parent":1026,"menu_order":0,"comment_status":"closed","ping_status":"closed","template":"","meta":{"_acf_changed":false,"inline_featured_image":false,"_exactmetrics_skip_tracking":false,"_exactmetrics_sitenote_active":false,"_exactmetrics_sitenote_note":"","_exactmetrics_sitenote_category":0,"footnotes":""},"class_list":["post-1073","page","type-page","status-publish","hentry"],"acf":[],"yoast_head":"<!-- This site is optimized with the Yoast SEO plugin v27.0 - https:\/\/yoast.com\/product\/yoast-seo-wordpress\/ -->\n<title>Personajes<\/title>\n<meta name=\"robots\" content=\"index, follow, max-snippet:-1, max-image-preview:large, max-video-preview:-1\" \/>\n<link rel=\"canonical\" href=\"https:\/\/www.symfollies.com\/es\/over-symfollies\/hoofdpersonages\/\" \/>\n<meta property=\"og:locale\" content=\"es_ES\" \/>\n<meta property=\"og:type\" content=\"article\" \/>\n<meta property=\"og:title\" content=\"Personajes\" \/>\n<meta property=\"og:description\" content=\"STRADI Stradi, el viol\u00edn: es uno de los protagonistas de la serie. Es aventurero, audaz pero algo indisciplinado. Inteligente y despierto, vive junto...\" \/>\n<meta property=\"og:url\" content=\"https:\/\/www.symfollies.com\/es\/over-symfollies\/hoofdpersonages\/\" \/>\n<meta property=\"og:site_name\" content=\"Symfollies\" \/>\n<meta property=\"article:modified_time\" content=\"2021-08-09T08:49:47+00:00\" \/>\n<meta property=\"og:image\" content=\"https:\/\/www.symfollies.com\/wp-content\/uploads\/2021\/08\/stradi.jpg\" \/>\n<meta name=\"twitter:card\" content=\"summary_large_image\" \/>\n<meta name=\"twitter:label1\" content=\"Tiempo de lectura\" \/>\n\t<meta name=\"twitter:data1\" content=\"2 minutos\" \/>\n<script type=\"application\/ld+json\" class=\"yoast-schema-graph\">{\"@context\":\"https:\/\/schema.org\",\"@graph\":[{\"@type\":\"WebPage\",\"@id\":\"https:\/\/www.symfollies.com\/es\/over-symfollies\/hoofdpersonages\/\",\"url\":\"https:\/\/www.symfollies.com\/es\/over-symfollies\/hoofdpersonages\/\",\"name\":\"Personajes\",\"isPartOf\":{\"@id\":\"https:\/\/www.symfollies.com\/nl\/#website\"},\"primaryImageOfPage\":{\"@id\":\"https:\/\/www.symfollies.com\/es\/over-symfollies\/hoofdpersonages\/#primaryimage\"},\"image\":{\"@id\":\"https:\/\/www.symfollies.com\/es\/over-symfollies\/hoofdpersonages\/#primaryimage\"},\"thumbnailUrl\":\"https:\/\/www.symfollies.com\/wp-content\/uploads\/2021\/08\/stradi.jpg\",\"datePublished\":\"2021-08-03T11:23:17+00:00\",\"dateModified\":\"2021-08-09T08:49:47+00:00\",\"breadcrumb\":{\"@id\":\"https:\/\/www.symfollies.com\/es\/over-symfollies\/hoofdpersonages\/#breadcrumb\"},\"inLanguage\":\"es\",\"potentialAction\":[{\"@type\":\"ReadAction\",\"target\":[\"https:\/\/www.symfollies.com\/es\/over-symfollies\/hoofdpersonages\/\"]}]},{\"@type\":\"ImageObject\",\"inLanguage\":\"es\",\"@id\":\"https:\/\/www.symfollies.com\/es\/over-symfollies\/hoofdpersonages\/#primaryimage\",\"url\":\"https:\/\/www.symfollies.com\/wp-content\/uploads\/2021\/08\/stradi.jpg\",\"contentUrl\":\"https:\/\/www.symfollies.com\/wp-content\/uploads\/2021\/08\/stradi.jpg\"},{\"@type\":\"BreadcrumbList\",\"@id\":\"https:\/\/www.symfollies.com\/es\/over-symfollies\/hoofdpersonages\/#breadcrumb\",\"itemListElement\":[{\"@type\":\"ListItem\",\"position\":1,\"name\":\"Home\",\"item\":\"https:\/\/www.symfollies.com\/es\/\"},{\"@type\":\"ListItem\",\"position\":2,\"name\":\"Acerca de Symfollies\",\"item\":\"https:\/\/www.symfollies.com\/es\/over-symfollies\/\"},{\"@type\":\"ListItem\",\"position\":3,\"name\":\"Personajes\"}]},{\"@type\":\"WebSite\",\"@id\":\"https:\/\/www.symfollies.com\/nl\/#website\",\"url\":\"https:\/\/www.symfollies.com\/nl\/\",\"name\":\"Symfollies\",\"description\":\"\",\"publisher\":{\"@id\":\"https:\/\/www.symfollies.com\/nl\/#organization\"},\"potentialAction\":[{\"@type\":\"SearchAction\",\"target\":{\"@type\":\"EntryPoint\",\"urlTemplate\":\"https:\/\/www.symfollies.com\/nl\/?s={search_term_string}\"},\"query-input\":{\"@type\":\"PropertyValueSpecification\",\"valueRequired\":true,\"valueName\":\"search_term_string\"}}],\"inLanguage\":\"es\"},{\"@type\":\"Organization\",\"@id\":\"https:\/\/www.symfollies.com\/nl\/#organization\",\"name\":\"Symfollies\",\"url\":\"https:\/\/www.symfollies.com\/nl\/\",\"logo\":{\"@type\":\"ImageObject\",\"inLanguage\":\"es\",\"@id\":\"https:\/\/www.symfollies.com\/nl\/#\/schema\/logo\/image\/\",\"url\":\"https:\/\/www.symfollies.com\/wp-content\/uploads\/2021\/08\/logo.png\",\"contentUrl\":\"https:\/\/www.symfollies.com\/wp-content\/uploads\/2021\/08\/logo.png\",\"width\":450,\"height\":201,\"caption\":\"Symfollies\"},\"image\":{\"@id\":\"https:\/\/www.symfollies.com\/nl\/#\/schema\/logo\/image\/\"}}]}<\/script>\n<!-- \/ Yoast SEO plugin. -->","yoast_head_json":{"title":"Personajes","robots":{"index":"index","follow":"follow","max-snippet":"max-snippet:-1","max-image-preview":"max-image-preview:large","max-video-preview":"max-video-preview:-1"},"canonical":"https:\/\/www.symfollies.com\/es\/over-symfollies\/hoofdpersonages\/","og_locale":"es_ES","og_type":"article","og_title":"Personajes","og_description":"STRADI Stradi, el viol\u00edn: es uno de los protagonistas de la serie. Es aventurero, audaz pero algo indisciplinado. Inteligente y despierto, vive junto...","og_url":"https:\/\/www.symfollies.com\/es\/over-symfollies\/hoofdpersonages\/","og_site_name":"Symfollies","article_modified_time":"2021-08-09T08:49:47+00:00","og_image":[{"url":"https:\/\/www.symfollies.com\/wp-content\/uploads\/2021\/08\/stradi.jpg","type":"","width":"","height":""}],"twitter_card":"summary_large_image","twitter_misc":{"Tiempo de lectura":"2 minutos"},"schema":{"@context":"https:\/\/schema.org","@graph":[{"@type":"WebPage","@id":"https:\/\/www.symfollies.com\/es\/over-symfollies\/hoofdpersonages\/","url":"https:\/\/www.symfollies.com\/es\/over-symfollies\/hoofdpersonages\/","name":"Personajes","isPartOf":{"@id":"https:\/\/www.symfollies.com\/nl\/#website"},"primaryImageOfPage":{"@id":"https:\/\/www.symfollies.com\/es\/over-symfollies\/hoofdpersonages\/#primaryimage"},"image":{"@id":"https:\/\/www.symfollies.com\/es\/over-symfollies\/hoofdpersonages\/#primaryimage"},"thumbnailUrl":"https:\/\/www.symfollies.com\/wp-content\/uploads\/2021\/08\/stradi.jpg","datePublished":"2021-08-03T11:23:17+00:00","dateModified":"2021-08-09T08:49:47+00:00","breadcrumb":{"@id":"https:\/\/www.symfollies.com\/es\/over-symfollies\/hoofdpersonages\/#breadcrumb"},"inLanguage":"es","potentialAction":[{"@type":"ReadAction","target":["https:\/\/www.symfollies.com\/es\/over-symfollies\/hoofdpersonages\/"]}]},{"@type":"ImageObject","inLanguage":"es","@id":"https:\/\/www.symfollies.com\/es\/over-symfollies\/hoofdpersonages\/#primaryimage","url":"https:\/\/www.symfollies.com\/wp-content\/uploads\/2021\/08\/stradi.jpg","contentUrl":"https:\/\/www.symfollies.com\/wp-content\/uploads\/2021\/08\/stradi.jpg"},{"@type":"BreadcrumbList","@id":"https:\/\/www.symfollies.com\/es\/over-symfollies\/hoofdpersonages\/#breadcrumb","itemListElement":[{"@type":"ListItem","position":1,"name":"Home","item":"https:\/\/www.symfollies.com\/es\/"},{"@type":"ListItem","position":2,"name":"Acerca de Symfollies","item":"https:\/\/www.symfollies.com\/es\/over-symfollies\/"},{"@type":"ListItem","position":3,"name":"Personajes"}]},{"@type":"WebSite","@id":"https:\/\/www.symfollies.com\/nl\/#website","url":"https:\/\/www.symfollies.com\/nl\/","name":"Symfollies","description":"","publisher":{"@id":"https:\/\/www.symfollies.com\/nl\/#organization"},"potentialAction":[{"@type":"SearchAction","target":{"@type":"EntryPoint","urlTemplate":"https:\/\/www.symfollies.com\/nl\/?s={search_term_string}"},"query-input":{"@type":"PropertyValueSpecification","valueRequired":true,"valueName":"search_term_string"}}],"inLanguage":"es"},{"@type":"Organization","@id":"https:\/\/www.symfollies.com\/nl\/#organization","name":"Symfollies","url":"https:\/\/www.symfollies.com\/nl\/","logo":{"@type":"ImageObject","inLanguage":"es","@id":"https:\/\/www.symfollies.com\/nl\/#\/schema\/logo\/image\/","url":"https:\/\/www.symfollies.com\/wp-content\/uploads\/2021\/08\/logo.png","contentUrl":"https:\/\/www.symfollies.com\/wp-content\/uploads\/2021\/08\/logo.png","width":450,"height":201,"caption":"Symfollies"},"image":{"@id":"https:\/\/www.symfollies.com\/nl\/#\/schema\/logo\/image\/"}}]}},"_links":{"self":[{"href":"https:\/\/www.symfollies.com\/es\/wp-json\/wp\/v2\/pages\/1073","targetHints":{"allow":["GET"]}}],"collection":[{"href":"https:\/\/www.symfollies.com\/es\/wp-json\/wp\/v2\/pages"}],"about":[{"href":"https:\/\/www.symfollies.com\/es\/wp-json\/wp\/v2\/types\/page"}],"author":[{"embeddable":true,"href":"https:\/\/www.symfollies.com\/es\/wp-json\/wp\/v2\/users\/1"}],"replies":[{"embeddable":true,"href":"https:\/\/www.symfollies.com\/es\/wp-json\/wp\/v2\/comments?post=1073"}],"version-history":[{"count":0,"href":"https:\/\/www.symfollies.com\/es\/wp-json\/wp\/v2\/pages\/1073\/revisions"}],"up":[{"embeddable":true,"href":"https:\/\/www.symfollies.com\/es\/wp-json\/wp\/v2\/pages\/1026"}],"wp:attachment":[{"href":"https:\/\/www.symfollies.com\/es\/wp-json\/wp\/v2\/media?parent=1073"}],"curies":[{"name":"wp","href":"https:\/\/api.w.org\/{rel}","templated":true}]}}