{"id":1111,"date":"2021-08-03T13:26:04","date_gmt":"2021-08-03T11:26:04","guid":{"rendered":"https:\/\/www.symfollies.com\/tv\/wereldwijd-project\/"},"modified":"2021-08-09T11:02:05","modified_gmt":"2021-08-09T09:02:05","slug":"wereldwijd-project","status":"publish","type":"page","link":"https:\/\/www.symfollies.com\/es\/tv\/wereldwijd-project\/","title":{"rendered":"Un proyecto mundial"},"content":{"rendered":"<p>Desde que se cre\u00f3, Symfollies siempre ha tenido su propio toque de magia\u2026 El d\u00eda que se lanz\u00f3 en B\u00e9lgica\u00a0 (VRT\/Ketnet), Symfollies fue obtuvo la nominaci\u00f3n al mejor programa infantil por el Gobierno flamenco. Hoy en d\u00eda las peripecias de Symfollies se emiten en mas de 100 pa\u00edses de Europa, Asia, \u00c1frica, Sudam\u00e9rica, Ocean\u00eda\u2026<\/p>\n<p><img loading=\"lazy\" decoding=\"async\" class=\"alignnone size-full wp-image-164\" src=\"https:\/\/www.symfollies.com\/wp-content\/uploads\/2021\/08\/worldmap.jpg\" alt=\"\" width=\"911\" height=\"489\" srcset=\"https:\/\/www.symfollies.com\/wp-content\/uploads\/2021\/08\/worldmap.jpg 911w, https:\/\/www.symfollies.com\/wp-content\/uploads\/2021\/08\/worldmap-300x161.jpg 300w, https:\/\/www.symfollies.com\/wp-content\/uploads\/2021\/08\/worldmap-768x412.jpg 768w\" sizes=\"auto, (max-width: 911px) 100vw, 911px\" \/><\/p>\n<p>La serie se emite de manera fija en los canales de televisi\u00f3n de muchos pa\u00edses en los que sus 52 cap\u00edtulos giran en torno a unas bases: los ni\u00f1os que lo aprecien, lo har\u00e1n a la vez con la m\u00fasica cl\u00e1sica. Incluso los padres disfrutan del placer de compartir una mezcla de entretenimiento y cultura con sus hijos.<\/p>\n","protected":false},"excerpt":{"rendered":"<p>Desde que se cre\u00f3, Symfollies siempre ha tenido su propio toque de magia\u2026 El d\u00eda que se lanz\u00f3 en B\u00e9lgica\u00a0 (VRT\/Ketnet), Symfollies fue&#8230;<\/p>\n","protected":false},"author":1,"featured_media":0,"parent":1096,"menu_order":0,"comment_status":"closed","ping_status":"closed","template":"","meta":{"_acf_changed":false,"inline_featured_image":false,"_exactmetrics_skip_tracking":false,"_exactmetrics_sitenote_active":false,"_exactmetrics_sitenote_note":"","_exactmetrics_sitenote_category":0,"footnotes":""},"class_list":["post-1111","page","type-page","status-publish","hentry"],"acf":[],"yoast_head":"<!-- This site is optimized with the Yoast SEO plugin v27.0 - https:\/\/yoast.com\/product\/yoast-seo-wordpress\/ -->\n<title>Un proyecto mundial<\/title>\n<meta name=\"robots\" content=\"index, follow, max-snippet:-1, max-image-preview:large, max-video-preview:-1\" \/>\n<link rel=\"canonical\" href=\"https:\/\/www.symfollies.com\/es\/tv\/wereldwijd-project\/\" \/>\n<meta property=\"og:locale\" content=\"es_ES\" \/>\n<meta property=\"og:type\" content=\"article\" \/>\n<meta property=\"og:title\" content=\"Un proyecto mundial\" \/>\n<meta property=\"og:description\" content=\"Desde que se cre\u00f3, Symfollies siempre ha tenido su propio toque de magia\u2026 El d\u00eda que se lanz\u00f3 en B\u00e9lgica\u00a0 (VRT\/Ketnet), Symfollies fue...\" \/>\n<meta property=\"og:url\" content=\"https:\/\/www.symfollies.com\/es\/tv\/wereldwijd-project\/\" \/>\n<meta property=\"og:site_name\" content=\"Symfollies\" \/>\n<meta property=\"article:modified_time\" content=\"2021-08-09T09:02:05+00:00\" \/>\n<meta property=\"og:image\" content=\"https:\/\/www.symfollies.com\/wp-content\/uploads\/2021\/08\/worldmap.jpg\" \/>\n<meta name=\"twitter:card\" content=\"summary_large_image\" \/>\n<meta name=\"twitter:label1\" content=\"Tiempo de lectura\" \/>\n\t<meta name=\"twitter:data1\" content=\"1 minuto\" \/>\n<script type=\"application\/ld+json\" class=\"yoast-schema-graph\">{\"@context\":\"https:\/\/schema.org\",\"@graph\":[{\"@type\":\"WebPage\",\"@id\":\"https:\/\/www.symfollies.com\/es\/tv\/wereldwijd-project\/\",\"url\":\"https:\/\/www.symfollies.com\/es\/tv\/wereldwijd-project\/\",\"name\":\"Un proyecto mundial\",\"isPartOf\":{\"@id\":\"https:\/\/www.symfollies.com\/nl\/#website\"},\"primaryImageOfPage\":{\"@id\":\"https:\/\/www.symfollies.com\/es\/tv\/wereldwijd-project\/#primaryimage\"},\"image\":{\"@id\":\"https:\/\/www.symfollies.com\/es\/tv\/wereldwijd-project\/#primaryimage\"},\"thumbnailUrl\":\"https:\/\/www.symfollies.com\/wp-content\/uploads\/2021\/08\/worldmap.jpg\",\"datePublished\":\"2021-08-03T11:26:04+00:00\",\"dateModified\":\"2021-08-09T09:02:05+00:00\",\"breadcrumb\":{\"@id\":\"https:\/\/www.symfollies.com\/es\/tv\/wereldwijd-project\/#breadcrumb\"},\"inLanguage\":\"es\",\"potentialAction\":[{\"@type\":\"ReadAction\",\"target\":[\"https:\/\/www.symfollies.com\/es\/tv\/wereldwijd-project\/\"]}]},{\"@type\":\"ImageObject\",\"inLanguage\":\"es\",\"@id\":\"https:\/\/www.symfollies.com\/es\/tv\/wereldwijd-project\/#primaryimage\",\"url\":\"https:\/\/www.symfollies.com\/wp-content\/uploads\/2021\/08\/worldmap.jpg\",\"contentUrl\":\"https:\/\/www.symfollies.com\/wp-content\/uploads\/2021\/08\/worldmap.jpg\"},{\"@type\":\"BreadcrumbList\",\"@id\":\"https:\/\/www.symfollies.com\/es\/tv\/wereldwijd-project\/#breadcrumb\",\"itemListElement\":[{\"@type\":\"ListItem\",\"position\":1,\"name\":\"Home\",\"item\":\"https:\/\/www.symfollies.com\/es\/\"},{\"@type\":\"ListItem\",\"position\":2,\"name\":\"Serie TV\",\"item\":\"https:\/\/www.symfollies.com\/es\/tv\/\"},{\"@type\":\"ListItem\",\"position\":3,\"name\":\"Un proyecto mundial\"}]},{\"@type\":\"WebSite\",\"@id\":\"https:\/\/www.symfollies.com\/nl\/#website\",\"url\":\"https:\/\/www.symfollies.com\/nl\/\",\"name\":\"Symfollies\",\"description\":\"\",\"publisher\":{\"@id\":\"https:\/\/www.symfollies.com\/nl\/#organization\"},\"potentialAction\":[{\"@type\":\"SearchAction\",\"target\":{\"@type\":\"EntryPoint\",\"urlTemplate\":\"https:\/\/www.symfollies.com\/nl\/?s={search_term_string}\"},\"query-input\":{\"@type\":\"PropertyValueSpecification\",\"valueRequired\":true,\"valueName\":\"search_term_string\"}}],\"inLanguage\":\"es\"},{\"@type\":\"Organization\",\"@id\":\"https:\/\/www.symfollies.com\/nl\/#organization\",\"name\":\"Symfollies\",\"url\":\"https:\/\/www.symfollies.com\/nl\/\",\"logo\":{\"@type\":\"ImageObject\",\"inLanguage\":\"es\",\"@id\":\"https:\/\/www.symfollies.com\/nl\/#\/schema\/logo\/image\/\",\"url\":\"https:\/\/www.symfollies.com\/wp-content\/uploads\/2021\/08\/logo.png\",\"contentUrl\":\"https:\/\/www.symfollies.com\/wp-content\/uploads\/2021\/08\/logo.png\",\"width\":450,\"height\":201,\"caption\":\"Symfollies\"},\"image\":{\"@id\":\"https:\/\/www.symfollies.com\/nl\/#\/schema\/logo\/image\/\"}}]}<\/script>\n<!-- \/ Yoast SEO plugin. -->","yoast_head_json":{"title":"Un proyecto mundial","robots":{"index":"index","follow":"follow","max-snippet":"max-snippet:-1","max-image-preview":"max-image-preview:large","max-video-preview":"max-video-preview:-1"},"canonical":"https:\/\/www.symfollies.com\/es\/tv\/wereldwijd-project\/","og_locale":"es_ES","og_type":"article","og_title":"Un proyecto mundial","og_description":"Desde que se cre\u00f3, Symfollies siempre ha tenido su propio toque de magia\u2026 El d\u00eda que se lanz\u00f3 en B\u00e9lgica\u00a0 (VRT\/Ketnet), Symfollies fue...","og_url":"https:\/\/www.symfollies.com\/es\/tv\/wereldwijd-project\/","og_site_name":"Symfollies","article_modified_time":"2021-08-09T09:02:05+00:00","og_image":[{"url":"https:\/\/www.symfollies.com\/wp-content\/uploads\/2021\/08\/worldmap.jpg","type":"","width":"","height":""}],"twitter_card":"summary_large_image","twitter_misc":{"Tiempo de lectura":"1 minuto"},"schema":{"@context":"https:\/\/schema.org","@graph":[{"@type":"WebPage","@id":"https:\/\/www.symfollies.com\/es\/tv\/wereldwijd-project\/","url":"https:\/\/www.symfollies.com\/es\/tv\/wereldwijd-project\/","name":"Un proyecto mundial","isPartOf":{"@id":"https:\/\/www.symfollies.com\/nl\/#website"},"primaryImageOfPage":{"@id":"https:\/\/www.symfollies.com\/es\/tv\/wereldwijd-project\/#primaryimage"},"image":{"@id":"https:\/\/www.symfollies.com\/es\/tv\/wereldwijd-project\/#primaryimage"},"thumbnailUrl":"https:\/\/www.symfollies.com\/wp-content\/uploads\/2021\/08\/worldmap.jpg","datePublished":"2021-08-03T11:26:04+00:00","dateModified":"2021-08-09T09:02:05+00:00","breadcrumb":{"@id":"https:\/\/www.symfollies.com\/es\/tv\/wereldwijd-project\/#breadcrumb"},"inLanguage":"es","potentialAction":[{"@type":"ReadAction","target":["https:\/\/www.symfollies.com\/es\/tv\/wereldwijd-project\/"]}]},{"@type":"ImageObject","inLanguage":"es","@id":"https:\/\/www.symfollies.com\/es\/tv\/wereldwijd-project\/#primaryimage","url":"https:\/\/www.symfollies.com\/wp-content\/uploads\/2021\/08\/worldmap.jpg","contentUrl":"https:\/\/www.symfollies.com\/wp-content\/uploads\/2021\/08\/worldmap.jpg"},{"@type":"BreadcrumbList","@id":"https:\/\/www.symfollies.com\/es\/tv\/wereldwijd-project\/#breadcrumb","itemListElement":[{"@type":"ListItem","position":1,"name":"Home","item":"https:\/\/www.symfollies.com\/es\/"},{"@type":"ListItem","position":2,"name":"Serie TV","item":"https:\/\/www.symfollies.com\/es\/tv\/"},{"@type":"ListItem","position":3,"name":"Un proyecto mundial"}]},{"@type":"WebSite","@id":"https:\/\/www.symfollies.com\/nl\/#website","url":"https:\/\/www.symfollies.com\/nl\/","name":"Symfollies","description":"","publisher":{"@id":"https:\/\/www.symfollies.com\/nl\/#organization"},"potentialAction":[{"@type":"SearchAction","target":{"@type":"EntryPoint","urlTemplate":"https:\/\/www.symfollies.com\/nl\/?s={search_term_string}"},"query-input":{"@type":"PropertyValueSpecification","valueRequired":true,"valueName":"search_term_string"}}],"inLanguage":"es"},{"@type":"Organization","@id":"https:\/\/www.symfollies.com\/nl\/#organization","name":"Symfollies","url":"https:\/\/www.symfollies.com\/nl\/","logo":{"@type":"ImageObject","inLanguage":"es","@id":"https:\/\/www.symfollies.com\/nl\/#\/schema\/logo\/image\/","url":"https:\/\/www.symfollies.com\/wp-content\/uploads\/2021\/08\/logo.png","contentUrl":"https:\/\/www.symfollies.com\/wp-content\/uploads\/2021\/08\/logo.png","width":450,"height":201,"caption":"Symfollies"},"image":{"@id":"https:\/\/www.symfollies.com\/nl\/#\/schema\/logo\/image\/"}}]}},"_links":{"self":[{"href":"https:\/\/www.symfollies.com\/es\/wp-json\/wp\/v2\/pages\/1111","targetHints":{"allow":["GET"]}}],"collection":[{"href":"https:\/\/www.symfollies.com\/es\/wp-json\/wp\/v2\/pages"}],"about":[{"href":"https:\/\/www.symfollies.com\/es\/wp-json\/wp\/v2\/types\/page"}],"author":[{"embeddable":true,"href":"https:\/\/www.symfollies.com\/es\/wp-json\/wp\/v2\/users\/1"}],"replies":[{"embeddable":true,"href":"https:\/\/www.symfollies.com\/es\/wp-json\/wp\/v2\/comments?post=1111"}],"version-history":[{"count":0,"href":"https:\/\/www.symfollies.com\/es\/wp-json\/wp\/v2\/pages\/1111\/revisions"}],"up":[{"embeddable":true,"href":"https:\/\/www.symfollies.com\/es\/wp-json\/wp\/v2\/pages\/1096"}],"wp:attachment":[{"href":"https:\/\/www.symfollies.com\/es\/wp-json\/wp\/v2\/media?parent=1111"}],"curies":[{"name":"wp","href":"https:\/\/api.w.org\/{rel}","templated":true}]}}