{"id":1024,"date":"2021-08-03T13:22:03","date_gmt":"2021-08-03T11:22:03","guid":{"rendered":"https:\/\/www.symfollies.com\/over-symfollies\/"},"modified":"2021-08-09T09:36:05","modified_gmt":"2021-08-09T07:36:05","slug":"over-symfollies","status":"publish","type":"page","link":"https:\/\/www.symfollies.com\/fr\/over-symfollies\/","title":{"rendered":"A propos de Symfollies"},"content":{"rendered":"<p>La s\u00e9rie d\u2019animations Symfollies est une collection de vid\u00e9os de musique classique. La musique classique est une valeur ajout\u00e9e pour tous et aussi un droit pour tous.\u00a0 L\u2019individu doit faire de (trop) nombreux efforts pour se familiariser avec la musique classique en g\u00e9n\u00e9ral.\u00a0 Faciliter l\u2019acc\u00e8s \u00e0 la musique classique est un moyen de donner la possibilit\u00e9 \u00e0 un large public d\u2019entrer en contact avec elle. \u00a0Symfollies est un moyen de rendre la musique classique accessible \u00e0 un nouveau public\u00a0<a href=\"http:\/\/localhost\/www\/\">(www.symfollies.com).<\/a><\/p>\n<p>&nbsp;<\/p>\n<h5><strong>Rappelez-vous votre premier verre de vin? Avez-vous les m\u00eames probl\u00e8mes avec la musique classique qu&rsquo;avec votre premier verre de vin?<\/strong><\/h5>\n<p><img loading=\"lazy\" decoding=\"async\" class=\"alignnone size-full wp-image-145\" src=\"https:\/\/www.symfollies.com\/wp-content\/uploads\/2021\/08\/wine.jpg\" alt=\"\" width=\"280\" height=\"402\" srcset=\"https:\/\/www.symfollies.com\/wp-content\/uploads\/2021\/08\/wine.jpg 280w, https:\/\/www.symfollies.com\/wp-content\/uploads\/2021\/08\/wine-209x300.jpg 209w\" sizes=\"auto, (max-width: 280px) 100vw, 280px\" \/><\/p>\n","protected":false},"excerpt":{"rendered":"<p>La s\u00e9rie d\u2019animations Symfollies est une collection de vid\u00e9os de musique classique. La musique classique est une valeur ajout\u00e9e pour tous et aussi&#8230;<\/p>\n","protected":false},"author":1,"featured_media":0,"parent":0,"menu_order":0,"comment_status":"closed","ping_status":"closed","template":"","meta":{"_acf_changed":false,"inline_featured_image":false,"_exactmetrics_skip_tracking":false,"_exactmetrics_sitenote_active":false,"_exactmetrics_sitenote_note":"","_exactmetrics_sitenote_category":0,"footnotes":""},"class_list":["post-1024","page","type-page","status-publish","hentry"],"acf":[],"yoast_head":"<!-- This site is optimized with the Yoast SEO plugin v27.0 - https:\/\/yoast.com\/product\/yoast-seo-wordpress\/ -->\n<title>A propos de Symfollies<\/title>\n<meta name=\"robots\" content=\"index, follow, max-snippet:-1, max-image-preview:large, max-video-preview:-1\" \/>\n<link rel=\"canonical\" href=\"https:\/\/www.symfollies.com\/fr\/over-symfollies\/\" \/>\n<meta property=\"og:locale\" content=\"fr_FR\" \/>\n<meta property=\"og:type\" content=\"article\" \/>\n<meta property=\"og:title\" content=\"A propos de Symfollies\" \/>\n<meta property=\"og:description\" content=\"La s\u00e9rie d\u2019animations Symfollies est une collection de vid\u00e9os de musique classique. La musique classique est une valeur ajout\u00e9e pour tous et aussi...\" \/>\n<meta property=\"og:url\" content=\"https:\/\/www.symfollies.com\/fr\/over-symfollies\/\" \/>\n<meta property=\"og:site_name\" content=\"Symfollies\" \/>\n<meta property=\"article:modified_time\" content=\"2021-08-09T07:36:05+00:00\" \/>\n<meta property=\"og:image\" content=\"https:\/\/www.symfollies.com\/wp-content\/uploads\/2021\/08\/wine.jpg\" \/>\n<meta name=\"twitter:card\" content=\"summary_large_image\" \/>\n<meta name=\"twitter:label1\" content=\"Dur\u00e9e de lecture estim\u00e9e\" \/>\n\t<meta name=\"twitter:data1\" content=\"1 minute\" \/>\n<script type=\"application\/ld+json\" class=\"yoast-schema-graph\">{\"@context\":\"https:\/\/schema.org\",\"@graph\":[{\"@type\":\"WebPage\",\"@id\":\"https:\/\/www.symfollies.com\/fr\/over-symfollies\/\",\"url\":\"https:\/\/www.symfollies.com\/fr\/over-symfollies\/\",\"name\":\"A propos de Symfollies\",\"isPartOf\":{\"@id\":\"https:\/\/www.symfollies.com\/nl\/#website\"},\"primaryImageOfPage\":{\"@id\":\"https:\/\/www.symfollies.com\/fr\/over-symfollies\/#primaryimage\"},\"image\":{\"@id\":\"https:\/\/www.symfollies.com\/fr\/over-symfollies\/#primaryimage\"},\"thumbnailUrl\":\"https:\/\/www.symfollies.com\/wp-content\/uploads\/2021\/08\/wine.jpg\",\"datePublished\":\"2021-08-03T11:22:03+00:00\",\"dateModified\":\"2021-08-09T07:36:05+00:00\",\"breadcrumb\":{\"@id\":\"https:\/\/www.symfollies.com\/fr\/over-symfollies\/#breadcrumb\"},\"inLanguage\":\"fr-FR\",\"potentialAction\":[{\"@type\":\"ReadAction\",\"target\":[\"https:\/\/www.symfollies.com\/fr\/over-symfollies\/\"]}]},{\"@type\":\"ImageObject\",\"inLanguage\":\"fr-FR\",\"@id\":\"https:\/\/www.symfollies.com\/fr\/over-symfollies\/#primaryimage\",\"url\":\"https:\/\/www.symfollies.com\/wp-content\/uploads\/2021\/08\/wine.jpg\",\"contentUrl\":\"https:\/\/www.symfollies.com\/wp-content\/uploads\/2021\/08\/wine.jpg\"},{\"@type\":\"BreadcrumbList\",\"@id\":\"https:\/\/www.symfollies.com\/fr\/over-symfollies\/#breadcrumb\",\"itemListElement\":[{\"@type\":\"ListItem\",\"position\":1,\"name\":\"Home\",\"item\":\"https:\/\/www.symfollies.com\/fr\/\"},{\"@type\":\"ListItem\",\"position\":2,\"name\":\"A propos de Symfollies\"}]},{\"@type\":\"WebSite\",\"@id\":\"https:\/\/www.symfollies.com\/nl\/#website\",\"url\":\"https:\/\/www.symfollies.com\/nl\/\",\"name\":\"Symfollies\",\"description\":\"\",\"publisher\":{\"@id\":\"https:\/\/www.symfollies.com\/nl\/#organization\"},\"potentialAction\":[{\"@type\":\"SearchAction\",\"target\":{\"@type\":\"EntryPoint\",\"urlTemplate\":\"https:\/\/www.symfollies.com\/nl\/?s={search_term_string}\"},\"query-input\":{\"@type\":\"PropertyValueSpecification\",\"valueRequired\":true,\"valueName\":\"search_term_string\"}}],\"inLanguage\":\"fr-FR\"},{\"@type\":\"Organization\",\"@id\":\"https:\/\/www.symfollies.com\/nl\/#organization\",\"name\":\"Symfollies\",\"url\":\"https:\/\/www.symfollies.com\/nl\/\",\"logo\":{\"@type\":\"ImageObject\",\"inLanguage\":\"fr-FR\",\"@id\":\"https:\/\/www.symfollies.com\/nl\/#\/schema\/logo\/image\/\",\"url\":\"https:\/\/www.symfollies.com\/wp-content\/uploads\/2021\/08\/logo.png\",\"contentUrl\":\"https:\/\/www.symfollies.com\/wp-content\/uploads\/2021\/08\/logo.png\",\"width\":450,\"height\":201,\"caption\":\"Symfollies\"},\"image\":{\"@id\":\"https:\/\/www.symfollies.com\/nl\/#\/schema\/logo\/image\/\"}}]}<\/script>\n<!-- \/ Yoast SEO plugin. -->","yoast_head_json":{"title":"A propos de Symfollies","robots":{"index":"index","follow":"follow","max-snippet":"max-snippet:-1","max-image-preview":"max-image-preview:large","max-video-preview":"max-video-preview:-1"},"canonical":"https:\/\/www.symfollies.com\/fr\/over-symfollies\/","og_locale":"fr_FR","og_type":"article","og_title":"A propos de Symfollies","og_description":"La s\u00e9rie d\u2019animations Symfollies est une collection de vid\u00e9os de musique classique. La musique classique est une valeur ajout\u00e9e pour tous et aussi...","og_url":"https:\/\/www.symfollies.com\/fr\/over-symfollies\/","og_site_name":"Symfollies","article_modified_time":"2021-08-09T07:36:05+00:00","og_image":[{"url":"https:\/\/www.symfollies.com\/wp-content\/uploads\/2021\/08\/wine.jpg","type":"","width":"","height":""}],"twitter_card":"summary_large_image","twitter_misc":{"Dur\u00e9e de lecture estim\u00e9e":"1 minute"},"schema":{"@context":"https:\/\/schema.org","@graph":[{"@type":"WebPage","@id":"https:\/\/www.symfollies.com\/fr\/over-symfollies\/","url":"https:\/\/www.symfollies.com\/fr\/over-symfollies\/","name":"A propos de Symfollies","isPartOf":{"@id":"https:\/\/www.symfollies.com\/nl\/#website"},"primaryImageOfPage":{"@id":"https:\/\/www.symfollies.com\/fr\/over-symfollies\/#primaryimage"},"image":{"@id":"https:\/\/www.symfollies.com\/fr\/over-symfollies\/#primaryimage"},"thumbnailUrl":"https:\/\/www.symfollies.com\/wp-content\/uploads\/2021\/08\/wine.jpg","datePublished":"2021-08-03T11:22:03+00:00","dateModified":"2021-08-09T07:36:05+00:00","breadcrumb":{"@id":"https:\/\/www.symfollies.com\/fr\/over-symfollies\/#breadcrumb"},"inLanguage":"fr-FR","potentialAction":[{"@type":"ReadAction","target":["https:\/\/www.symfollies.com\/fr\/over-symfollies\/"]}]},{"@type":"ImageObject","inLanguage":"fr-FR","@id":"https:\/\/www.symfollies.com\/fr\/over-symfollies\/#primaryimage","url":"https:\/\/www.symfollies.com\/wp-content\/uploads\/2021\/08\/wine.jpg","contentUrl":"https:\/\/www.symfollies.com\/wp-content\/uploads\/2021\/08\/wine.jpg"},{"@type":"BreadcrumbList","@id":"https:\/\/www.symfollies.com\/fr\/over-symfollies\/#breadcrumb","itemListElement":[{"@type":"ListItem","position":1,"name":"Home","item":"https:\/\/www.symfollies.com\/fr\/"},{"@type":"ListItem","position":2,"name":"A propos de Symfollies"}]},{"@type":"WebSite","@id":"https:\/\/www.symfollies.com\/nl\/#website","url":"https:\/\/www.symfollies.com\/nl\/","name":"Symfollies","description":"","publisher":{"@id":"https:\/\/www.symfollies.com\/nl\/#organization"},"potentialAction":[{"@type":"SearchAction","target":{"@type":"EntryPoint","urlTemplate":"https:\/\/www.symfollies.com\/nl\/?s={search_term_string}"},"query-input":{"@type":"PropertyValueSpecification","valueRequired":true,"valueName":"search_term_string"}}],"inLanguage":"fr-FR"},{"@type":"Organization","@id":"https:\/\/www.symfollies.com\/nl\/#organization","name":"Symfollies","url":"https:\/\/www.symfollies.com\/nl\/","logo":{"@type":"ImageObject","inLanguage":"fr-FR","@id":"https:\/\/www.symfollies.com\/nl\/#\/schema\/logo\/image\/","url":"https:\/\/www.symfollies.com\/wp-content\/uploads\/2021\/08\/logo.png","contentUrl":"https:\/\/www.symfollies.com\/wp-content\/uploads\/2021\/08\/logo.png","width":450,"height":201,"caption":"Symfollies"},"image":{"@id":"https:\/\/www.symfollies.com\/nl\/#\/schema\/logo\/image\/"}}]}},"_links":{"self":[{"href":"https:\/\/www.symfollies.com\/fr\/wp-json\/wp\/v2\/pages\/1024","targetHints":{"allow":["GET"]}}],"collection":[{"href":"https:\/\/www.symfollies.com\/fr\/wp-json\/wp\/v2\/pages"}],"about":[{"href":"https:\/\/www.symfollies.com\/fr\/wp-json\/wp\/v2\/types\/page"}],"author":[{"embeddable":true,"href":"https:\/\/www.symfollies.com\/fr\/wp-json\/wp\/v2\/users\/1"}],"replies":[{"embeddable":true,"href":"https:\/\/www.symfollies.com\/fr\/wp-json\/wp\/v2\/comments?post=1024"}],"version-history":[{"count":0,"href":"https:\/\/www.symfollies.com\/fr\/wp-json\/wp\/v2\/pages\/1024\/revisions"}],"wp:attachment":[{"href":"https:\/\/www.symfollies.com\/fr\/wp-json\/wp\/v2\/media?parent=1024"}],"curies":[{"name":"wp","href":"https:\/\/api.w.org\/{rel}","templated":true}]}}