{"id":1036,"date":"2021-08-03T13:22:48","date_gmt":"2021-08-03T11:22:48","guid":{"rendered":"https:\/\/www.symfollies.com\/over-symfollies\/wie-of-wat-is-symfollies\/"},"modified":"2021-08-09T09:45:05","modified_gmt":"2021-08-09T07:45:05","slug":"wie-of-wat-is-symfollies","status":"publish","type":"page","link":"https:\/\/www.symfollies.com\/fr\/over-symfollies\/wie-of-wat-is-symfollies\/","title":{"rendered":"Qu\u2019est &#8211; ce que Symfollies ?"},"content":{"rendered":"<p>Symfollies est un monde virtuel dont les habitants sont les instruments de musique d\u2019un orchestre symphonique. Les personnages vivent des aventures passionnantes et amusantes. Ils communiquent entre eux au moyen de la musique classique. Les personnages principaux sont le p\u00e8re Bass, la m\u00e8re C\u00e9line, leur fils Stradi et leur fille Viola. Ils forment une famille qui, avec les autres instruments, vivent toutes sortes d\u2019aventures dr\u00f4les et captivantes.<\/p>\n<p><img loading=\"lazy\" decoding=\"async\" class=\"alignnone size-full wp-image-150\" src=\"https:\/\/www.symfollies.com\/wp-content\/uploads\/2021\/08\/what.jpg\" alt=\"\" width=\"600\" height=\"274\" srcset=\"https:\/\/www.symfollies.com\/wp-content\/uploads\/2021\/08\/what.jpg 600w, https:\/\/www.symfollies.com\/wp-content\/uploads\/2021\/08\/what-300x137.jpg 300w\" sizes=\"auto, (max-width: 600px) 100vw, 600px\" \/><\/p>\n","protected":false},"excerpt":{"rendered":"<p>Symfollies est un monde virtuel dont les habitants sont les instruments de musique d\u2019un orchestre symphonique. Les personnages vivent des aventures passionnantes et&#8230;<\/p>\n","protected":false},"author":1,"featured_media":0,"parent":1024,"menu_order":0,"comment_status":"closed","ping_status":"closed","template":"","meta":{"_acf_changed":false,"inline_featured_image":false,"_exactmetrics_skip_tracking":false,"_exactmetrics_sitenote_active":false,"_exactmetrics_sitenote_note":"","_exactmetrics_sitenote_category":0,"footnotes":""},"class_list":["post-1036","page","type-page","status-publish","hentry"],"acf":[],"yoast_head":"<!-- This site is optimized with the Yoast SEO plugin v27.0 - https:\/\/yoast.com\/product\/yoast-seo-wordpress\/ -->\n<title>Qu\u2019est - ce que Symfollies ?<\/title>\n<meta name=\"robots\" content=\"index, follow, max-snippet:-1, max-image-preview:large, max-video-preview:-1\" \/>\n<link rel=\"canonical\" href=\"https:\/\/www.symfollies.com\/fr\/over-symfollies\/wie-of-wat-is-symfollies\/\" \/>\n<meta property=\"og:locale\" content=\"fr_FR\" \/>\n<meta property=\"og:type\" content=\"article\" \/>\n<meta property=\"og:title\" content=\"Qu\u2019est - ce que Symfollies ?\" \/>\n<meta property=\"og:description\" content=\"Symfollies est un monde virtuel dont les habitants sont les instruments de musique d\u2019un orchestre symphonique. Les personnages vivent des aventures passionnantes et...\" \/>\n<meta property=\"og:url\" content=\"https:\/\/www.symfollies.com\/fr\/over-symfollies\/wie-of-wat-is-symfollies\/\" \/>\n<meta property=\"og:site_name\" content=\"Symfollies\" \/>\n<meta property=\"article:modified_time\" content=\"2021-08-09T07:45:05+00:00\" \/>\n<meta property=\"og:image\" content=\"https:\/\/www.symfollies.com\/wp-content\/uploads\/2021\/08\/what.jpg\" \/>\n<meta name=\"twitter:card\" content=\"summary_large_image\" \/>\n<meta name=\"twitter:label1\" content=\"Dur\u00e9e de lecture estim\u00e9e\" \/>\n\t<meta name=\"twitter:data1\" content=\"1 minute\" \/>\n<script type=\"application\/ld+json\" class=\"yoast-schema-graph\">{\"@context\":\"https:\/\/schema.org\",\"@graph\":[{\"@type\":\"WebPage\",\"@id\":\"https:\/\/www.symfollies.com\/fr\/over-symfollies\/wie-of-wat-is-symfollies\/\",\"url\":\"https:\/\/www.symfollies.com\/fr\/over-symfollies\/wie-of-wat-is-symfollies\/\",\"name\":\"Qu\u2019est - ce que Symfollies ?\",\"isPartOf\":{\"@id\":\"https:\/\/www.symfollies.com\/nl\/#website\"},\"primaryImageOfPage\":{\"@id\":\"https:\/\/www.symfollies.com\/fr\/over-symfollies\/wie-of-wat-is-symfollies\/#primaryimage\"},\"image\":{\"@id\":\"https:\/\/www.symfollies.com\/fr\/over-symfollies\/wie-of-wat-is-symfollies\/#primaryimage\"},\"thumbnailUrl\":\"https:\/\/www.symfollies.com\/wp-content\/uploads\/2021\/08\/what.jpg\",\"datePublished\":\"2021-08-03T11:22:48+00:00\",\"dateModified\":\"2021-08-09T07:45:05+00:00\",\"breadcrumb\":{\"@id\":\"https:\/\/www.symfollies.com\/fr\/over-symfollies\/wie-of-wat-is-symfollies\/#breadcrumb\"},\"inLanguage\":\"fr-FR\",\"potentialAction\":[{\"@type\":\"ReadAction\",\"target\":[\"https:\/\/www.symfollies.com\/fr\/over-symfollies\/wie-of-wat-is-symfollies\/\"]}]},{\"@type\":\"ImageObject\",\"inLanguage\":\"fr-FR\",\"@id\":\"https:\/\/www.symfollies.com\/fr\/over-symfollies\/wie-of-wat-is-symfollies\/#primaryimage\",\"url\":\"https:\/\/www.symfollies.com\/wp-content\/uploads\/2021\/08\/what.jpg\",\"contentUrl\":\"https:\/\/www.symfollies.com\/wp-content\/uploads\/2021\/08\/what.jpg\"},{\"@type\":\"BreadcrumbList\",\"@id\":\"https:\/\/www.symfollies.com\/fr\/over-symfollies\/wie-of-wat-is-symfollies\/#breadcrumb\",\"itemListElement\":[{\"@type\":\"ListItem\",\"position\":1,\"name\":\"Home\",\"item\":\"https:\/\/www.symfollies.com\/fr\/\"},{\"@type\":\"ListItem\",\"position\":2,\"name\":\"A propos de Symfollies\",\"item\":\"https:\/\/www.symfollies.com\/fr\/over-symfollies\/\"},{\"@type\":\"ListItem\",\"position\":3,\"name\":\"Qu\u2019est &#8211; ce que Symfollies ?\"}]},{\"@type\":\"WebSite\",\"@id\":\"https:\/\/www.symfollies.com\/nl\/#website\",\"url\":\"https:\/\/www.symfollies.com\/nl\/\",\"name\":\"Symfollies\",\"description\":\"\",\"publisher\":{\"@id\":\"https:\/\/www.symfollies.com\/nl\/#organization\"},\"potentialAction\":[{\"@type\":\"SearchAction\",\"target\":{\"@type\":\"EntryPoint\",\"urlTemplate\":\"https:\/\/www.symfollies.com\/nl\/?s={search_term_string}\"},\"query-input\":{\"@type\":\"PropertyValueSpecification\",\"valueRequired\":true,\"valueName\":\"search_term_string\"}}],\"inLanguage\":\"fr-FR\"},{\"@type\":\"Organization\",\"@id\":\"https:\/\/www.symfollies.com\/nl\/#organization\",\"name\":\"Symfollies\",\"url\":\"https:\/\/www.symfollies.com\/nl\/\",\"logo\":{\"@type\":\"ImageObject\",\"inLanguage\":\"fr-FR\",\"@id\":\"https:\/\/www.symfollies.com\/nl\/#\/schema\/logo\/image\/\",\"url\":\"https:\/\/www.symfollies.com\/wp-content\/uploads\/2021\/08\/logo.png\",\"contentUrl\":\"https:\/\/www.symfollies.com\/wp-content\/uploads\/2021\/08\/logo.png\",\"width\":450,\"height\":201,\"caption\":\"Symfollies\"},\"image\":{\"@id\":\"https:\/\/www.symfollies.com\/nl\/#\/schema\/logo\/image\/\"}}]}<\/script>\n<!-- \/ Yoast SEO plugin. -->","yoast_head_json":{"title":"Qu\u2019est - ce que Symfollies ?","robots":{"index":"index","follow":"follow","max-snippet":"max-snippet:-1","max-image-preview":"max-image-preview:large","max-video-preview":"max-video-preview:-1"},"canonical":"https:\/\/www.symfollies.com\/fr\/over-symfollies\/wie-of-wat-is-symfollies\/","og_locale":"fr_FR","og_type":"article","og_title":"Qu\u2019est - ce que Symfollies ?","og_description":"Symfollies est un monde virtuel dont les habitants sont les instruments de musique d\u2019un orchestre symphonique. Les personnages vivent des aventures passionnantes et...","og_url":"https:\/\/www.symfollies.com\/fr\/over-symfollies\/wie-of-wat-is-symfollies\/","og_site_name":"Symfollies","article_modified_time":"2021-08-09T07:45:05+00:00","og_image":[{"url":"https:\/\/www.symfollies.com\/wp-content\/uploads\/2021\/08\/what.jpg","type":"","width":"","height":""}],"twitter_card":"summary_large_image","twitter_misc":{"Dur\u00e9e de lecture estim\u00e9e":"1 minute"},"schema":{"@context":"https:\/\/schema.org","@graph":[{"@type":"WebPage","@id":"https:\/\/www.symfollies.com\/fr\/over-symfollies\/wie-of-wat-is-symfollies\/","url":"https:\/\/www.symfollies.com\/fr\/over-symfollies\/wie-of-wat-is-symfollies\/","name":"Qu\u2019est - ce que Symfollies ?","isPartOf":{"@id":"https:\/\/www.symfollies.com\/nl\/#website"},"primaryImageOfPage":{"@id":"https:\/\/www.symfollies.com\/fr\/over-symfollies\/wie-of-wat-is-symfollies\/#primaryimage"},"image":{"@id":"https:\/\/www.symfollies.com\/fr\/over-symfollies\/wie-of-wat-is-symfollies\/#primaryimage"},"thumbnailUrl":"https:\/\/www.symfollies.com\/wp-content\/uploads\/2021\/08\/what.jpg","datePublished":"2021-08-03T11:22:48+00:00","dateModified":"2021-08-09T07:45:05+00:00","breadcrumb":{"@id":"https:\/\/www.symfollies.com\/fr\/over-symfollies\/wie-of-wat-is-symfollies\/#breadcrumb"},"inLanguage":"fr-FR","potentialAction":[{"@type":"ReadAction","target":["https:\/\/www.symfollies.com\/fr\/over-symfollies\/wie-of-wat-is-symfollies\/"]}]},{"@type":"ImageObject","inLanguage":"fr-FR","@id":"https:\/\/www.symfollies.com\/fr\/over-symfollies\/wie-of-wat-is-symfollies\/#primaryimage","url":"https:\/\/www.symfollies.com\/wp-content\/uploads\/2021\/08\/what.jpg","contentUrl":"https:\/\/www.symfollies.com\/wp-content\/uploads\/2021\/08\/what.jpg"},{"@type":"BreadcrumbList","@id":"https:\/\/www.symfollies.com\/fr\/over-symfollies\/wie-of-wat-is-symfollies\/#breadcrumb","itemListElement":[{"@type":"ListItem","position":1,"name":"Home","item":"https:\/\/www.symfollies.com\/fr\/"},{"@type":"ListItem","position":2,"name":"A propos de Symfollies","item":"https:\/\/www.symfollies.com\/fr\/over-symfollies\/"},{"@type":"ListItem","position":3,"name":"Qu\u2019est &#8211; ce que Symfollies ?"}]},{"@type":"WebSite","@id":"https:\/\/www.symfollies.com\/nl\/#website","url":"https:\/\/www.symfollies.com\/nl\/","name":"Symfollies","description":"","publisher":{"@id":"https:\/\/www.symfollies.com\/nl\/#organization"},"potentialAction":[{"@type":"SearchAction","target":{"@type":"EntryPoint","urlTemplate":"https:\/\/www.symfollies.com\/nl\/?s={search_term_string}"},"query-input":{"@type":"PropertyValueSpecification","valueRequired":true,"valueName":"search_term_string"}}],"inLanguage":"fr-FR"},{"@type":"Organization","@id":"https:\/\/www.symfollies.com\/nl\/#organization","name":"Symfollies","url":"https:\/\/www.symfollies.com\/nl\/","logo":{"@type":"ImageObject","inLanguage":"fr-FR","@id":"https:\/\/www.symfollies.com\/nl\/#\/schema\/logo\/image\/","url":"https:\/\/www.symfollies.com\/wp-content\/uploads\/2021\/08\/logo.png","contentUrl":"https:\/\/www.symfollies.com\/wp-content\/uploads\/2021\/08\/logo.png","width":450,"height":201,"caption":"Symfollies"},"image":{"@id":"https:\/\/www.symfollies.com\/nl\/#\/schema\/logo\/image\/"}}]}},"_links":{"self":[{"href":"https:\/\/www.symfollies.com\/fr\/wp-json\/wp\/v2\/pages\/1036","targetHints":{"allow":["GET"]}}],"collection":[{"href":"https:\/\/www.symfollies.com\/fr\/wp-json\/wp\/v2\/pages"}],"about":[{"href":"https:\/\/www.symfollies.com\/fr\/wp-json\/wp\/v2\/types\/page"}],"author":[{"embeddable":true,"href":"https:\/\/www.symfollies.com\/fr\/wp-json\/wp\/v2\/users\/1"}],"replies":[{"embeddable":true,"href":"https:\/\/www.symfollies.com\/fr\/wp-json\/wp\/v2\/comments?post=1036"}],"version-history":[{"count":0,"href":"https:\/\/www.symfollies.com\/fr\/wp-json\/wp\/v2\/pages\/1036\/revisions"}],"up":[{"embeddable":true,"href":"https:\/\/www.symfollies.com\/fr\/wp-json\/wp\/v2\/pages\/1024"}],"wp:attachment":[{"href":"https:\/\/www.symfollies.com\/fr\/wp-json\/wp\/v2\/media?parent=1036"}],"curies":[{"name":"wp","href":"https:\/\/api.w.org\/{rel}","templated":true}]}}