{"id":1094,"date":"2021-08-03T13:25:24","date_gmt":"2021-08-03T11:25:24","guid":{"rendered":"https:\/\/www.symfollies.com\/tv\/"},"modified":"2021-08-09T10:53:04","modified_gmt":"2021-08-09T08:53:04","slug":"tv","status":"publish","type":"page","link":"https:\/\/www.symfollies.com\/fr\/tv\/","title":{"rendered":"Diffusion TV"},"content":{"rendered":"<p>La t\u00e9l\u00e9vision exerce une attraction incroyable sur les enfants. La t\u00e9l\u00e9vision a principalement un contenu de divertissement pur.\u00a0 Pourtant un public de jeunes familles avec enfants est souvent \u00e0 la recherche d\u2019une valeur additionnelle m\u00eame dans le domaine du divertissement. \u00ab\u00a0Edutainment\u00a0\u00bb\u00a0est donc un nouveau mot qui est devenu compl\u00e8tement et socialement acceptable.<\/p>\n","protected":false},"excerpt":{"rendered":"<p>La t\u00e9l\u00e9vision exerce une attraction incroyable sur les enfants. La t\u00e9l\u00e9vision a principalement un contenu de divertissement pur.\u00a0 Pourtant un public de jeunes&#8230;<\/p>\n","protected":false},"author":1,"featured_media":0,"parent":0,"menu_order":0,"comment_status":"closed","ping_status":"closed","template":"","meta":{"_acf_changed":false,"inline_featured_image":false,"_exactmetrics_skip_tracking":false,"_exactmetrics_sitenote_active":false,"_exactmetrics_sitenote_note":"","_exactmetrics_sitenote_category":0,"footnotes":""},"class_list":["post-1094","page","type-page","status-publish","hentry"],"acf":[],"yoast_head":"<!-- This site is optimized with the Yoast SEO plugin v27.0 - https:\/\/yoast.com\/product\/yoast-seo-wordpress\/ -->\n<title>Diffusion TV<\/title>\n<meta name=\"robots\" content=\"index, follow, max-snippet:-1, max-image-preview:large, max-video-preview:-1\" \/>\n<link rel=\"canonical\" href=\"https:\/\/www.symfollies.com\/fr\/tv\/\" \/>\n<meta property=\"og:locale\" content=\"fr_FR\" \/>\n<meta property=\"og:type\" content=\"article\" \/>\n<meta property=\"og:title\" content=\"Diffusion TV\" \/>\n<meta property=\"og:description\" content=\"La t\u00e9l\u00e9vision exerce une attraction incroyable sur les enfants. La t\u00e9l\u00e9vision a principalement un contenu de divertissement pur.\u00a0 Pourtant un public de jeunes...\" \/>\n<meta property=\"og:url\" content=\"https:\/\/www.symfollies.com\/fr\/tv\/\" \/>\n<meta property=\"og:site_name\" content=\"Symfollies\" \/>\n<meta property=\"article:modified_time\" content=\"2021-08-09T08:53:04+00:00\" \/>\n<meta property=\"og:image\" content=\"https:\/\/www.symfollies.com\/wp-content\/uploads\/2021\/08\/logo.png\" \/>\n\t<meta property=\"og:image:width\" content=\"450\" \/>\n\t<meta property=\"og:image:height\" content=\"201\" \/>\n\t<meta property=\"og:image:type\" content=\"image\/png\" \/>\n<meta name=\"twitter:card\" content=\"summary_large_image\" \/>\n<meta name=\"twitter:label1\" content=\"Dur\u00e9e de lecture estim\u00e9e\" \/>\n\t<meta name=\"twitter:data1\" content=\"1 minute\" \/>\n<script type=\"application\/ld+json\" class=\"yoast-schema-graph\">{\"@context\":\"https:\/\/schema.org\",\"@graph\":[{\"@type\":\"WebPage\",\"@id\":\"https:\/\/www.symfollies.com\/fr\/tv\/\",\"url\":\"https:\/\/www.symfollies.com\/fr\/tv\/\",\"name\":\"Diffusion TV\",\"isPartOf\":{\"@id\":\"https:\/\/www.symfollies.com\/nl\/#website\"},\"datePublished\":\"2021-08-03T11:25:24+00:00\",\"dateModified\":\"2021-08-09T08:53:04+00:00\",\"breadcrumb\":{\"@id\":\"https:\/\/www.symfollies.com\/fr\/tv\/#breadcrumb\"},\"inLanguage\":\"fr-FR\",\"potentialAction\":[{\"@type\":\"ReadAction\",\"target\":[\"https:\/\/www.symfollies.com\/fr\/tv\/\"]}]},{\"@type\":\"BreadcrumbList\",\"@id\":\"https:\/\/www.symfollies.com\/fr\/tv\/#breadcrumb\",\"itemListElement\":[{\"@type\":\"ListItem\",\"position\":1,\"name\":\"Home\",\"item\":\"https:\/\/www.symfollies.com\/fr\/\"},{\"@type\":\"ListItem\",\"position\":2,\"name\":\"Diffusion TV\"}]},{\"@type\":\"WebSite\",\"@id\":\"https:\/\/www.symfollies.com\/nl\/#website\",\"url\":\"https:\/\/www.symfollies.com\/nl\/\",\"name\":\"Symfollies\",\"description\":\"\",\"publisher\":{\"@id\":\"https:\/\/www.symfollies.com\/nl\/#organization\"},\"potentialAction\":[{\"@type\":\"SearchAction\",\"target\":{\"@type\":\"EntryPoint\",\"urlTemplate\":\"https:\/\/www.symfollies.com\/nl\/?s={search_term_string}\"},\"query-input\":{\"@type\":\"PropertyValueSpecification\",\"valueRequired\":true,\"valueName\":\"search_term_string\"}}],\"inLanguage\":\"fr-FR\"},{\"@type\":\"Organization\",\"@id\":\"https:\/\/www.symfollies.com\/nl\/#organization\",\"name\":\"Symfollies\",\"url\":\"https:\/\/www.symfollies.com\/nl\/\",\"logo\":{\"@type\":\"ImageObject\",\"inLanguage\":\"fr-FR\",\"@id\":\"https:\/\/www.symfollies.com\/nl\/#\/schema\/logo\/image\/\",\"url\":\"https:\/\/www.symfollies.com\/wp-content\/uploads\/2021\/08\/logo.png\",\"contentUrl\":\"https:\/\/www.symfollies.com\/wp-content\/uploads\/2021\/08\/logo.png\",\"width\":450,\"height\":201,\"caption\":\"Symfollies\"},\"image\":{\"@id\":\"https:\/\/www.symfollies.com\/nl\/#\/schema\/logo\/image\/\"}}]}<\/script>\n<!-- \/ Yoast SEO plugin. -->","yoast_head_json":{"title":"Diffusion TV","robots":{"index":"index","follow":"follow","max-snippet":"max-snippet:-1","max-image-preview":"max-image-preview:large","max-video-preview":"max-video-preview:-1"},"canonical":"https:\/\/www.symfollies.com\/fr\/tv\/","og_locale":"fr_FR","og_type":"article","og_title":"Diffusion TV","og_description":"La t\u00e9l\u00e9vision exerce une attraction incroyable sur les enfants. La t\u00e9l\u00e9vision a principalement un contenu de divertissement pur.\u00a0 Pourtant un public de jeunes...","og_url":"https:\/\/www.symfollies.com\/fr\/tv\/","og_site_name":"Symfollies","article_modified_time":"2021-08-09T08:53:04+00:00","og_image":[{"width":450,"height":201,"url":"https:\/\/www.symfollies.com\/wp-content\/uploads\/2021\/08\/logo.png","type":"image\/png"}],"twitter_card":"summary_large_image","twitter_misc":{"Dur\u00e9e de lecture estim\u00e9e":"1 minute"},"schema":{"@context":"https:\/\/schema.org","@graph":[{"@type":"WebPage","@id":"https:\/\/www.symfollies.com\/fr\/tv\/","url":"https:\/\/www.symfollies.com\/fr\/tv\/","name":"Diffusion TV","isPartOf":{"@id":"https:\/\/www.symfollies.com\/nl\/#website"},"datePublished":"2021-08-03T11:25:24+00:00","dateModified":"2021-08-09T08:53:04+00:00","breadcrumb":{"@id":"https:\/\/www.symfollies.com\/fr\/tv\/#breadcrumb"},"inLanguage":"fr-FR","potentialAction":[{"@type":"ReadAction","target":["https:\/\/www.symfollies.com\/fr\/tv\/"]}]},{"@type":"BreadcrumbList","@id":"https:\/\/www.symfollies.com\/fr\/tv\/#breadcrumb","itemListElement":[{"@type":"ListItem","position":1,"name":"Home","item":"https:\/\/www.symfollies.com\/fr\/"},{"@type":"ListItem","position":2,"name":"Diffusion TV"}]},{"@type":"WebSite","@id":"https:\/\/www.symfollies.com\/nl\/#website","url":"https:\/\/www.symfollies.com\/nl\/","name":"Symfollies","description":"","publisher":{"@id":"https:\/\/www.symfollies.com\/nl\/#organization"},"potentialAction":[{"@type":"SearchAction","target":{"@type":"EntryPoint","urlTemplate":"https:\/\/www.symfollies.com\/nl\/?s={search_term_string}"},"query-input":{"@type":"PropertyValueSpecification","valueRequired":true,"valueName":"search_term_string"}}],"inLanguage":"fr-FR"},{"@type":"Organization","@id":"https:\/\/www.symfollies.com\/nl\/#organization","name":"Symfollies","url":"https:\/\/www.symfollies.com\/nl\/","logo":{"@type":"ImageObject","inLanguage":"fr-FR","@id":"https:\/\/www.symfollies.com\/nl\/#\/schema\/logo\/image\/","url":"https:\/\/www.symfollies.com\/wp-content\/uploads\/2021\/08\/logo.png","contentUrl":"https:\/\/www.symfollies.com\/wp-content\/uploads\/2021\/08\/logo.png","width":450,"height":201,"caption":"Symfollies"},"image":{"@id":"https:\/\/www.symfollies.com\/nl\/#\/schema\/logo\/image\/"}}]}},"_links":{"self":[{"href":"https:\/\/www.symfollies.com\/fr\/wp-json\/wp\/v2\/pages\/1094","targetHints":{"allow":["GET"]}}],"collection":[{"href":"https:\/\/www.symfollies.com\/fr\/wp-json\/wp\/v2\/pages"}],"about":[{"href":"https:\/\/www.symfollies.com\/fr\/wp-json\/wp\/v2\/types\/page"}],"author":[{"embeddable":true,"href":"https:\/\/www.symfollies.com\/fr\/wp-json\/wp\/v2\/users\/1"}],"replies":[{"embeddable":true,"href":"https:\/\/www.symfollies.com\/fr\/wp-json\/wp\/v2\/comments?post=1094"}],"version-history":[{"count":0,"href":"https:\/\/www.symfollies.com\/fr\/wp-json\/wp\/v2\/pages\/1094\/revisions"}],"wp:attachment":[{"href":"https:\/\/www.symfollies.com\/fr\/wp-json\/wp\/v2\/media?parent=1094"}],"curies":[{"name":"wp","href":"https:\/\/api.w.org\/{rel}","templated":true}]}}