{"id":1107,"date":"2021-08-03T13:26:04","date_gmt":"2021-08-03T11:26:04","guid":{"rendered":"https:\/\/www.symfollies.com\/tv\/wereldwijd-project\/"},"modified":"2021-08-09T11:00:33","modified_gmt":"2021-08-09T09:00:33","slug":"wereldwijd-project","status":"publish","type":"page","link":"https:\/\/www.symfollies.com\/fr\/tv\/wereldwijd-project\/","title":{"rendered":"Un projet global"},"content":{"rendered":"<p>Depuis la cr\u00e9ation de ses films d\u2019animation, Symfollies a toujours eu une touche de magie. Aujourd\u2019hui, Symfollies est diffus\u00e9 \u00e0 travers le monde\u00a0: plus de 100 pays en Europe, Asie, Afrique, Am\u00e9rique du Nord et\u00a0 du Sud et en Oc\u00e9anie diffusent les aventures de l\u2019orchestre symphonique sur le petit \u00e9cran.\u00a0 La s\u00e9rie d\u2019animation est normalement diffus\u00e9e sur une base quotidienne et \u00e0 une heure fixe dans les diff\u00e9rents pays.\u00a0 Les 52 \u00e9pisodes sont programm\u00e9s pour \u00eatre r\u00e9guli\u00e8rement repris. Le projet Symfollies ne vise pas seulement les\u00a0 enfants mais aussi les parents et les grands-parents qui regardent les films avec leurs enfants et petits-enfants. Les aventures de Stradi et Viola sont con\u00e7ues pour n\u2019importe quel \u00e2ge.<\/p>\n<p><img loading=\"lazy\" decoding=\"async\" class=\"alignnone size-full wp-image-164\" src=\"https:\/\/www.symfollies.com\/wp-content\/uploads\/2021\/08\/worldmap.jpg\" alt=\"\" width=\"911\" height=\"489\" srcset=\"https:\/\/www.symfollies.com\/wp-content\/uploads\/2021\/08\/worldmap.jpg 911w, https:\/\/www.symfollies.com\/wp-content\/uploads\/2021\/08\/worldmap-300x161.jpg 300w, https:\/\/www.symfollies.com\/wp-content\/uploads\/2021\/08\/worldmap-768x412.jpg 768w\" sizes=\"auto, (max-width: 911px) 100vw, 911px\" \/><\/p>\n","protected":false},"excerpt":{"rendered":"<p>Depuis la cr\u00e9ation de ses films d\u2019animation, Symfollies a toujours eu une touche de magie. Aujourd\u2019hui, Symfollies est diffus\u00e9 \u00e0 travers le monde\u00a0:&#8230;<\/p>\n","protected":false},"author":1,"featured_media":0,"parent":1094,"menu_order":0,"comment_status":"closed","ping_status":"closed","template":"","meta":{"_acf_changed":false,"inline_featured_image":false,"_exactmetrics_skip_tracking":false,"_exactmetrics_sitenote_active":false,"_exactmetrics_sitenote_note":"","_exactmetrics_sitenote_category":0,"footnotes":""},"class_list":["post-1107","page","type-page","status-publish","hentry"],"acf":[],"yoast_head":"<!-- This site is optimized with the Yoast SEO plugin v27.0 - https:\/\/yoast.com\/product\/yoast-seo-wordpress\/ -->\n<title>Un projet global<\/title>\n<meta name=\"robots\" content=\"index, follow, max-snippet:-1, max-image-preview:large, max-video-preview:-1\" \/>\n<link rel=\"canonical\" href=\"https:\/\/www.symfollies.com\/fr\/tv\/wereldwijd-project\/\" \/>\n<meta property=\"og:locale\" content=\"fr_FR\" \/>\n<meta property=\"og:type\" content=\"article\" \/>\n<meta property=\"og:title\" content=\"Un projet global\" \/>\n<meta property=\"og:description\" content=\"Depuis la cr\u00e9ation de ses films d\u2019animation, Symfollies a toujours eu une touche de magie. Aujourd\u2019hui, Symfollies est diffus\u00e9 \u00e0 travers le monde\u00a0:...\" \/>\n<meta property=\"og:url\" content=\"https:\/\/www.symfollies.com\/fr\/tv\/wereldwijd-project\/\" \/>\n<meta property=\"og:site_name\" content=\"Symfollies\" \/>\n<meta property=\"article:modified_time\" content=\"2021-08-09T09:00:33+00:00\" \/>\n<meta property=\"og:image\" content=\"https:\/\/www.symfollies.com\/wp-content\/uploads\/2021\/08\/worldmap.jpg\" \/>\n<meta name=\"twitter:card\" content=\"summary_large_image\" \/>\n<meta name=\"twitter:label1\" content=\"Dur\u00e9e de lecture estim\u00e9e\" \/>\n\t<meta name=\"twitter:data1\" content=\"1 minute\" \/>\n<script type=\"application\/ld+json\" class=\"yoast-schema-graph\">{\"@context\":\"https:\/\/schema.org\",\"@graph\":[{\"@type\":\"WebPage\",\"@id\":\"https:\/\/www.symfollies.com\/fr\/tv\/wereldwijd-project\/\",\"url\":\"https:\/\/www.symfollies.com\/fr\/tv\/wereldwijd-project\/\",\"name\":\"Un projet global\",\"isPartOf\":{\"@id\":\"https:\/\/www.symfollies.com\/nl\/#website\"},\"primaryImageOfPage\":{\"@id\":\"https:\/\/www.symfollies.com\/fr\/tv\/wereldwijd-project\/#primaryimage\"},\"image\":{\"@id\":\"https:\/\/www.symfollies.com\/fr\/tv\/wereldwijd-project\/#primaryimage\"},\"thumbnailUrl\":\"https:\/\/www.symfollies.com\/wp-content\/uploads\/2021\/08\/worldmap.jpg\",\"datePublished\":\"2021-08-03T11:26:04+00:00\",\"dateModified\":\"2021-08-09T09:00:33+00:00\",\"breadcrumb\":{\"@id\":\"https:\/\/www.symfollies.com\/fr\/tv\/wereldwijd-project\/#breadcrumb\"},\"inLanguage\":\"fr-FR\",\"potentialAction\":[{\"@type\":\"ReadAction\",\"target\":[\"https:\/\/www.symfollies.com\/fr\/tv\/wereldwijd-project\/\"]}]},{\"@type\":\"ImageObject\",\"inLanguage\":\"fr-FR\",\"@id\":\"https:\/\/www.symfollies.com\/fr\/tv\/wereldwijd-project\/#primaryimage\",\"url\":\"https:\/\/www.symfollies.com\/wp-content\/uploads\/2021\/08\/worldmap.jpg\",\"contentUrl\":\"https:\/\/www.symfollies.com\/wp-content\/uploads\/2021\/08\/worldmap.jpg\"},{\"@type\":\"BreadcrumbList\",\"@id\":\"https:\/\/www.symfollies.com\/fr\/tv\/wereldwijd-project\/#breadcrumb\",\"itemListElement\":[{\"@type\":\"ListItem\",\"position\":1,\"name\":\"Home\",\"item\":\"https:\/\/www.symfollies.com\/fr\/\"},{\"@type\":\"ListItem\",\"position\":2,\"name\":\"Diffusion TV\",\"item\":\"https:\/\/www.symfollies.com\/fr\/tv\/\"},{\"@type\":\"ListItem\",\"position\":3,\"name\":\"Un projet global\"}]},{\"@type\":\"WebSite\",\"@id\":\"https:\/\/www.symfollies.com\/nl\/#website\",\"url\":\"https:\/\/www.symfollies.com\/nl\/\",\"name\":\"Symfollies\",\"description\":\"\",\"publisher\":{\"@id\":\"https:\/\/www.symfollies.com\/nl\/#organization\"},\"potentialAction\":[{\"@type\":\"SearchAction\",\"target\":{\"@type\":\"EntryPoint\",\"urlTemplate\":\"https:\/\/www.symfollies.com\/nl\/?s={search_term_string}\"},\"query-input\":{\"@type\":\"PropertyValueSpecification\",\"valueRequired\":true,\"valueName\":\"search_term_string\"}}],\"inLanguage\":\"fr-FR\"},{\"@type\":\"Organization\",\"@id\":\"https:\/\/www.symfollies.com\/nl\/#organization\",\"name\":\"Symfollies\",\"url\":\"https:\/\/www.symfollies.com\/nl\/\",\"logo\":{\"@type\":\"ImageObject\",\"inLanguage\":\"fr-FR\",\"@id\":\"https:\/\/www.symfollies.com\/nl\/#\/schema\/logo\/image\/\",\"url\":\"https:\/\/www.symfollies.com\/wp-content\/uploads\/2021\/08\/logo.png\",\"contentUrl\":\"https:\/\/www.symfollies.com\/wp-content\/uploads\/2021\/08\/logo.png\",\"width\":450,\"height\":201,\"caption\":\"Symfollies\"},\"image\":{\"@id\":\"https:\/\/www.symfollies.com\/nl\/#\/schema\/logo\/image\/\"}}]}<\/script>\n<!-- \/ Yoast SEO plugin. -->","yoast_head_json":{"title":"Un projet global","robots":{"index":"index","follow":"follow","max-snippet":"max-snippet:-1","max-image-preview":"max-image-preview:large","max-video-preview":"max-video-preview:-1"},"canonical":"https:\/\/www.symfollies.com\/fr\/tv\/wereldwijd-project\/","og_locale":"fr_FR","og_type":"article","og_title":"Un projet global","og_description":"Depuis la cr\u00e9ation de ses films d\u2019animation, Symfollies a toujours eu une touche de magie. Aujourd\u2019hui, Symfollies est diffus\u00e9 \u00e0 travers le monde\u00a0:...","og_url":"https:\/\/www.symfollies.com\/fr\/tv\/wereldwijd-project\/","og_site_name":"Symfollies","article_modified_time":"2021-08-09T09:00:33+00:00","og_image":[{"url":"https:\/\/www.symfollies.com\/wp-content\/uploads\/2021\/08\/worldmap.jpg","type":"","width":"","height":""}],"twitter_card":"summary_large_image","twitter_misc":{"Dur\u00e9e de lecture estim\u00e9e":"1 minute"},"schema":{"@context":"https:\/\/schema.org","@graph":[{"@type":"WebPage","@id":"https:\/\/www.symfollies.com\/fr\/tv\/wereldwijd-project\/","url":"https:\/\/www.symfollies.com\/fr\/tv\/wereldwijd-project\/","name":"Un projet global","isPartOf":{"@id":"https:\/\/www.symfollies.com\/nl\/#website"},"primaryImageOfPage":{"@id":"https:\/\/www.symfollies.com\/fr\/tv\/wereldwijd-project\/#primaryimage"},"image":{"@id":"https:\/\/www.symfollies.com\/fr\/tv\/wereldwijd-project\/#primaryimage"},"thumbnailUrl":"https:\/\/www.symfollies.com\/wp-content\/uploads\/2021\/08\/worldmap.jpg","datePublished":"2021-08-03T11:26:04+00:00","dateModified":"2021-08-09T09:00:33+00:00","breadcrumb":{"@id":"https:\/\/www.symfollies.com\/fr\/tv\/wereldwijd-project\/#breadcrumb"},"inLanguage":"fr-FR","potentialAction":[{"@type":"ReadAction","target":["https:\/\/www.symfollies.com\/fr\/tv\/wereldwijd-project\/"]}]},{"@type":"ImageObject","inLanguage":"fr-FR","@id":"https:\/\/www.symfollies.com\/fr\/tv\/wereldwijd-project\/#primaryimage","url":"https:\/\/www.symfollies.com\/wp-content\/uploads\/2021\/08\/worldmap.jpg","contentUrl":"https:\/\/www.symfollies.com\/wp-content\/uploads\/2021\/08\/worldmap.jpg"},{"@type":"BreadcrumbList","@id":"https:\/\/www.symfollies.com\/fr\/tv\/wereldwijd-project\/#breadcrumb","itemListElement":[{"@type":"ListItem","position":1,"name":"Home","item":"https:\/\/www.symfollies.com\/fr\/"},{"@type":"ListItem","position":2,"name":"Diffusion TV","item":"https:\/\/www.symfollies.com\/fr\/tv\/"},{"@type":"ListItem","position":3,"name":"Un projet global"}]},{"@type":"WebSite","@id":"https:\/\/www.symfollies.com\/nl\/#website","url":"https:\/\/www.symfollies.com\/nl\/","name":"Symfollies","description":"","publisher":{"@id":"https:\/\/www.symfollies.com\/nl\/#organization"},"potentialAction":[{"@type":"SearchAction","target":{"@type":"EntryPoint","urlTemplate":"https:\/\/www.symfollies.com\/nl\/?s={search_term_string}"},"query-input":{"@type":"PropertyValueSpecification","valueRequired":true,"valueName":"search_term_string"}}],"inLanguage":"fr-FR"},{"@type":"Organization","@id":"https:\/\/www.symfollies.com\/nl\/#organization","name":"Symfollies","url":"https:\/\/www.symfollies.com\/nl\/","logo":{"@type":"ImageObject","inLanguage":"fr-FR","@id":"https:\/\/www.symfollies.com\/nl\/#\/schema\/logo\/image\/","url":"https:\/\/www.symfollies.com\/wp-content\/uploads\/2021\/08\/logo.png","contentUrl":"https:\/\/www.symfollies.com\/wp-content\/uploads\/2021\/08\/logo.png","width":450,"height":201,"caption":"Symfollies"},"image":{"@id":"https:\/\/www.symfollies.com\/nl\/#\/schema\/logo\/image\/"}}]}},"_links":{"self":[{"href":"https:\/\/www.symfollies.com\/fr\/wp-json\/wp\/v2\/pages\/1107","targetHints":{"allow":["GET"]}}],"collection":[{"href":"https:\/\/www.symfollies.com\/fr\/wp-json\/wp\/v2\/pages"}],"about":[{"href":"https:\/\/www.symfollies.com\/fr\/wp-json\/wp\/v2\/types\/page"}],"author":[{"embeddable":true,"href":"https:\/\/www.symfollies.com\/fr\/wp-json\/wp\/v2\/users\/1"}],"replies":[{"embeddable":true,"href":"https:\/\/www.symfollies.com\/fr\/wp-json\/wp\/v2\/comments?post=1107"}],"version-history":[{"count":0,"href":"https:\/\/www.symfollies.com\/fr\/wp-json\/wp\/v2\/pages\/1107\/revisions"}],"up":[{"embeddable":true,"href":"https:\/\/www.symfollies.com\/fr\/wp-json\/wp\/v2\/pages\/1094"}],"wp:attachment":[{"href":"https:\/\/www.symfollies.com\/fr\/wp-json\/wp\/v2\/media?parent=1107"}],"curies":[{"name":"wp","href":"https:\/\/api.w.org\/{rel}","templated":true}]}}