{"id":1050,"date":"2021-08-03T13:22:59","date_gmt":"2021-08-03T11:22:59","guid":{"rendered":"https:\/\/www.symfollies.com\/over-symfollies\/ontstaan\/"},"modified":"2021-08-09T09:52:41","modified_gmt":"2021-08-09T07:52:41","slug":"ontstaan","status":"publish","type":"page","link":"https:\/\/www.symfollies.com\/tr\/over-symfollies\/ontstaan\/","title":{"rendered":"Orijini"},"content":{"rendered":"<p>Symfollies projesi\u00a0<strong>klasik m\u00fczi\u011fin haketti\u011fi ilgiyi g\u00f6rmedi\u011fi<\/strong>\u00a0fikrinden do\u011fdu. S\u00fcrekli me\u015fgul ve h\u0131zl\u0131 ge\u00e7en soysal hayat\u0131m\u0131zda bazen de\u011feri y\u00fcksek projelere zaman ay\u0131rabiliyoruz. \u00d6ncelikli d\u00fcrt\u00fcler davran\u0131\u015flar\u0131m\u0131z\u0131 y\u00f6nlendiriyor. Klasik m\u00fczikten tam anlam\u0131yla haz almak bir tak\u0131m \u00e7abalar gerektiriyor. Biz bu \u00e7abay\u0131 art\u0131k g\u00f6steremiyoruz. Klasik m\u00fczik ile tan\u0131\u015fman\u0131n yolu m\u00fcmk\u00fcn olan en erken zamanda onunla\u00a0<strong>dolayl\u0131 olarak<\/strong>\u00a0temasta olmaktan ge\u00e7mektedir. \u00c7izgi film serileri \u00e7ocuklar\u0131n ve ebeveynlerin klasik m\u00fczikle olan a\u015final\u0131\u011f\u0131n\u0131\u00a0<strong>ho\u015f bir ortamla<\/strong>olu\u015fturmak i\u00e7in tasarlanm\u0131\u015flard\u0131r.<\/p>\n<p><img loading=\"lazy\" decoding=\"async\" class=\"alignnone size-full wp-image-153\" src=\"https:\/\/www.symfollies.com\/wp-content\/uploads\/2021\/08\/origins2.jpg\" alt=\"\" width=\"400\" height=\"296\" srcset=\"https:\/\/www.symfollies.com\/wp-content\/uploads\/2021\/08\/origins2.jpg 400w, https:\/\/www.symfollies.com\/wp-content\/uploads\/2021\/08\/origins2-300x222.jpg 300w\" sizes=\"auto, (max-width: 400px) 100vw, 400px\" \/><\/p>\n","protected":false},"excerpt":{"rendered":"<p>Symfollies projesi\u00a0klasik m\u00fczi\u011fin haketti\u011fi ilgiyi g\u00f6rmedi\u011fi\u00a0fikrinden do\u011fdu. S\u00fcrekli me\u015fgul ve h\u0131zl\u0131 ge\u00e7en soysal hayat\u0131m\u0131zda bazen de\u011feri y\u00fcksek projelere zaman ay\u0131rabiliyoruz. \u00d6ncelikli d\u00fcrt\u00fcler davran\u0131\u015flar\u0131m\u0131z\u0131&#8230;<\/p>\n","protected":false},"author":1,"featured_media":0,"parent":1027,"menu_order":0,"comment_status":"closed","ping_status":"closed","template":"","meta":{"_acf_changed":false,"inline_featured_image":false,"_exactmetrics_skip_tracking":false,"_exactmetrics_sitenote_active":false,"_exactmetrics_sitenote_note":"","_exactmetrics_sitenote_category":0,"footnotes":""},"class_list":["post-1050","page","type-page","status-publish","hentry"],"acf":[],"yoast_head":"<!-- This site is optimized with the Yoast SEO plugin v27.0 - https:\/\/yoast.com\/product\/yoast-seo-wordpress\/ -->\n<title>Orijini<\/title>\n<meta name=\"robots\" content=\"index, follow, max-snippet:-1, max-image-preview:large, max-video-preview:-1\" \/>\n<link rel=\"canonical\" href=\"https:\/\/www.symfollies.com\/tr\/over-symfollies\/ontstaan\/\" \/>\n<meta property=\"og:locale\" content=\"tr_TR\" \/>\n<meta property=\"og:type\" content=\"article\" \/>\n<meta property=\"og:title\" content=\"Orijini\" \/>\n<meta property=\"og:description\" content=\"Symfollies projesi\u00a0klasik m\u00fczi\u011fin haketti\u011fi ilgiyi g\u00f6rmedi\u011fi\u00a0fikrinden do\u011fdu. S\u00fcrekli me\u015fgul ve h\u0131zl\u0131 ge\u00e7en soysal hayat\u0131m\u0131zda bazen de\u011feri y\u00fcksek projelere zaman ay\u0131rabiliyoruz. \u00d6ncelikli d\u00fcrt\u00fcler davran\u0131\u015flar\u0131m\u0131z\u0131...\" \/>\n<meta property=\"og:url\" content=\"https:\/\/www.symfollies.com\/tr\/over-symfollies\/ontstaan\/\" \/>\n<meta property=\"og:site_name\" content=\"Symfollies\" \/>\n<meta property=\"article:modified_time\" content=\"2021-08-09T07:52:41+00:00\" \/>\n<meta property=\"og:image\" content=\"https:\/\/www.symfollies.com\/wp-content\/uploads\/2021\/08\/origins2.jpg\" \/>\n<meta name=\"twitter:card\" content=\"summary_large_image\" \/>\n<meta name=\"twitter:label1\" content=\"Tahmini okuma s\u00fcresi\" \/>\n\t<meta name=\"twitter:data1\" content=\"1 dakika\" \/>\n<script type=\"application\/ld+json\" class=\"yoast-schema-graph\">{\"@context\":\"https:\/\/schema.org\",\"@graph\":[{\"@type\":\"WebPage\",\"@id\":\"https:\/\/www.symfollies.com\/tr\/over-symfollies\/ontstaan\/\",\"url\":\"https:\/\/www.symfollies.com\/tr\/over-symfollies\/ontstaan\/\",\"name\":\"Orijini\",\"isPartOf\":{\"@id\":\"https:\/\/www.symfollies.com\/nl\/#website\"},\"primaryImageOfPage\":{\"@id\":\"https:\/\/www.symfollies.com\/tr\/over-symfollies\/ontstaan\/#primaryimage\"},\"image\":{\"@id\":\"https:\/\/www.symfollies.com\/tr\/over-symfollies\/ontstaan\/#primaryimage\"},\"thumbnailUrl\":\"https:\/\/www.symfollies.com\/wp-content\/uploads\/2021\/08\/origins2.jpg\",\"datePublished\":\"2021-08-03T11:22:59+00:00\",\"dateModified\":\"2021-08-09T07:52:41+00:00\",\"breadcrumb\":{\"@id\":\"https:\/\/www.symfollies.com\/tr\/over-symfollies\/ontstaan\/#breadcrumb\"},\"inLanguage\":\"tr\",\"potentialAction\":[{\"@type\":\"ReadAction\",\"target\":[\"https:\/\/www.symfollies.com\/tr\/over-symfollies\/ontstaan\/\"]}]},{\"@type\":\"ImageObject\",\"inLanguage\":\"tr\",\"@id\":\"https:\/\/www.symfollies.com\/tr\/over-symfollies\/ontstaan\/#primaryimage\",\"url\":\"https:\/\/www.symfollies.com\/wp-content\/uploads\/2021\/08\/origins2.jpg\",\"contentUrl\":\"https:\/\/www.symfollies.com\/wp-content\/uploads\/2021\/08\/origins2.jpg\"},{\"@type\":\"BreadcrumbList\",\"@id\":\"https:\/\/www.symfollies.com\/tr\/over-symfollies\/ontstaan\/#breadcrumb\",\"itemListElement\":[{\"@type\":\"ListItem\",\"position\":1,\"name\":\"Home\",\"item\":\"https:\/\/www.symfollies.com\/tr\/\"},{\"@type\":\"ListItem\",\"position\":2,\"name\":\"Over Symfollies\",\"item\":\"https:\/\/www.symfollies.com\/tr\/over-symfollies\/\"},{\"@type\":\"ListItem\",\"position\":3,\"name\":\"Orijini\"}]},{\"@type\":\"WebSite\",\"@id\":\"https:\/\/www.symfollies.com\/nl\/#website\",\"url\":\"https:\/\/www.symfollies.com\/nl\/\",\"name\":\"Symfollies\",\"description\":\"\",\"publisher\":{\"@id\":\"https:\/\/www.symfollies.com\/nl\/#organization\"},\"potentialAction\":[{\"@type\":\"SearchAction\",\"target\":{\"@type\":\"EntryPoint\",\"urlTemplate\":\"https:\/\/www.symfollies.com\/nl\/?s={search_term_string}\"},\"query-input\":{\"@type\":\"PropertyValueSpecification\",\"valueRequired\":true,\"valueName\":\"search_term_string\"}}],\"inLanguage\":\"tr\"},{\"@type\":\"Organization\",\"@id\":\"https:\/\/www.symfollies.com\/nl\/#organization\",\"name\":\"Symfollies\",\"url\":\"https:\/\/www.symfollies.com\/nl\/\",\"logo\":{\"@type\":\"ImageObject\",\"inLanguage\":\"tr\",\"@id\":\"https:\/\/www.symfollies.com\/nl\/#\/schema\/logo\/image\/\",\"url\":\"https:\/\/www.symfollies.com\/wp-content\/uploads\/2021\/08\/logo.png\",\"contentUrl\":\"https:\/\/www.symfollies.com\/wp-content\/uploads\/2021\/08\/logo.png\",\"width\":450,\"height\":201,\"caption\":\"Symfollies\"},\"image\":{\"@id\":\"https:\/\/www.symfollies.com\/nl\/#\/schema\/logo\/image\/\"}}]}<\/script>\n<!-- \/ Yoast SEO plugin. -->","yoast_head_json":{"title":"Orijini","robots":{"index":"index","follow":"follow","max-snippet":"max-snippet:-1","max-image-preview":"max-image-preview:large","max-video-preview":"max-video-preview:-1"},"canonical":"https:\/\/www.symfollies.com\/tr\/over-symfollies\/ontstaan\/","og_locale":"tr_TR","og_type":"article","og_title":"Orijini","og_description":"Symfollies projesi\u00a0klasik m\u00fczi\u011fin haketti\u011fi ilgiyi g\u00f6rmedi\u011fi\u00a0fikrinden do\u011fdu. S\u00fcrekli me\u015fgul ve h\u0131zl\u0131 ge\u00e7en soysal hayat\u0131m\u0131zda bazen de\u011feri y\u00fcksek projelere zaman ay\u0131rabiliyoruz. \u00d6ncelikli d\u00fcrt\u00fcler davran\u0131\u015flar\u0131m\u0131z\u0131...","og_url":"https:\/\/www.symfollies.com\/tr\/over-symfollies\/ontstaan\/","og_site_name":"Symfollies","article_modified_time":"2021-08-09T07:52:41+00:00","og_image":[{"url":"https:\/\/www.symfollies.com\/wp-content\/uploads\/2021\/08\/origins2.jpg","type":"","width":"","height":""}],"twitter_card":"summary_large_image","twitter_misc":{"Tahmini okuma s\u00fcresi":"1 dakika"},"schema":{"@context":"https:\/\/schema.org","@graph":[{"@type":"WebPage","@id":"https:\/\/www.symfollies.com\/tr\/over-symfollies\/ontstaan\/","url":"https:\/\/www.symfollies.com\/tr\/over-symfollies\/ontstaan\/","name":"Orijini","isPartOf":{"@id":"https:\/\/www.symfollies.com\/nl\/#website"},"primaryImageOfPage":{"@id":"https:\/\/www.symfollies.com\/tr\/over-symfollies\/ontstaan\/#primaryimage"},"image":{"@id":"https:\/\/www.symfollies.com\/tr\/over-symfollies\/ontstaan\/#primaryimage"},"thumbnailUrl":"https:\/\/www.symfollies.com\/wp-content\/uploads\/2021\/08\/origins2.jpg","datePublished":"2021-08-03T11:22:59+00:00","dateModified":"2021-08-09T07:52:41+00:00","breadcrumb":{"@id":"https:\/\/www.symfollies.com\/tr\/over-symfollies\/ontstaan\/#breadcrumb"},"inLanguage":"tr","potentialAction":[{"@type":"ReadAction","target":["https:\/\/www.symfollies.com\/tr\/over-symfollies\/ontstaan\/"]}]},{"@type":"ImageObject","inLanguage":"tr","@id":"https:\/\/www.symfollies.com\/tr\/over-symfollies\/ontstaan\/#primaryimage","url":"https:\/\/www.symfollies.com\/wp-content\/uploads\/2021\/08\/origins2.jpg","contentUrl":"https:\/\/www.symfollies.com\/wp-content\/uploads\/2021\/08\/origins2.jpg"},{"@type":"BreadcrumbList","@id":"https:\/\/www.symfollies.com\/tr\/over-symfollies\/ontstaan\/#breadcrumb","itemListElement":[{"@type":"ListItem","position":1,"name":"Home","item":"https:\/\/www.symfollies.com\/tr\/"},{"@type":"ListItem","position":2,"name":"Over Symfollies","item":"https:\/\/www.symfollies.com\/tr\/over-symfollies\/"},{"@type":"ListItem","position":3,"name":"Orijini"}]},{"@type":"WebSite","@id":"https:\/\/www.symfollies.com\/nl\/#website","url":"https:\/\/www.symfollies.com\/nl\/","name":"Symfollies","description":"","publisher":{"@id":"https:\/\/www.symfollies.com\/nl\/#organization"},"potentialAction":[{"@type":"SearchAction","target":{"@type":"EntryPoint","urlTemplate":"https:\/\/www.symfollies.com\/nl\/?s={search_term_string}"},"query-input":{"@type":"PropertyValueSpecification","valueRequired":true,"valueName":"search_term_string"}}],"inLanguage":"tr"},{"@type":"Organization","@id":"https:\/\/www.symfollies.com\/nl\/#organization","name":"Symfollies","url":"https:\/\/www.symfollies.com\/nl\/","logo":{"@type":"ImageObject","inLanguage":"tr","@id":"https:\/\/www.symfollies.com\/nl\/#\/schema\/logo\/image\/","url":"https:\/\/www.symfollies.com\/wp-content\/uploads\/2021\/08\/logo.png","contentUrl":"https:\/\/www.symfollies.com\/wp-content\/uploads\/2021\/08\/logo.png","width":450,"height":201,"caption":"Symfollies"},"image":{"@id":"https:\/\/www.symfollies.com\/nl\/#\/schema\/logo\/image\/"}}]}},"_links":{"self":[{"href":"https:\/\/www.symfollies.com\/tr\/wp-json\/wp\/v2\/pages\/1050","targetHints":{"allow":["GET"]}}],"collection":[{"href":"https:\/\/www.symfollies.com\/tr\/wp-json\/wp\/v2\/pages"}],"about":[{"href":"https:\/\/www.symfollies.com\/tr\/wp-json\/wp\/v2\/types\/page"}],"author":[{"embeddable":true,"href":"https:\/\/www.symfollies.com\/tr\/wp-json\/wp\/v2\/users\/1"}],"replies":[{"embeddable":true,"href":"https:\/\/www.symfollies.com\/tr\/wp-json\/wp\/v2\/comments?post=1050"}],"version-history":[{"count":0,"href":"https:\/\/www.symfollies.com\/tr\/wp-json\/wp\/v2\/pages\/1050\/revisions"}],"up":[{"embeddable":true,"href":"https:\/\/www.symfollies.com\/tr\/wp-json\/wp\/v2\/pages\/1027"}],"wp:attachment":[{"href":"https:\/\/www.symfollies.com\/tr\/wp-json\/wp\/v2\/media?parent=1050"}],"curies":[{"name":"wp","href":"https:\/\/api.w.org\/{rel}","templated":true}]}}