{"id":1064,"date":"2021-08-03T13:23:08","date_gmt":"2021-08-03T11:23:08","guid":{"rendered":"https:\/\/www.symfollies.com\/over-symfollies\/filosofie\/"},"modified":"2021-08-09T10:25:59","modified_gmt":"2021-08-09T08:25:59","slug":"filosofie","status":"publish","type":"page","link":"https:\/\/www.symfollies.com\/tr\/over-symfollies\/filosofie\/","title":{"rendered":"Felsefemiz"},"content":{"rendered":"<p>Klasik m\u00fczi\u011fin hem gen\u00e7 ve hem de ya\u015fl\u0131lar\u0131n ki\u015fili\u011fine de\u011fer katk\u0131s\u0131 bilimsel olarak g\u00f6sterilmi\u015ftir.<br \/>\nKlasik m\u00fczi\u011fin \u00e7ocuklar\u0131n e\u011fitimine olan deste\u011fi, onlar\u0131n analitik ve matematik d\u00fc\u015f\u00fcnce yap\u0131s\u0131n\u0131 geli\u015ftirmedeki etkisi bilinmektedir. Yeti\u015fkinler i\u00e7in ise klasik m\u00fczik her\u015feyin \u00fczerinde zihinsel ve ruhsal dinlenmeyi harekete ge\u00e7iren anlaml\u0131 bir yoldur.<\/p>\n<ul>\n<li>\u00c7izgi filmleri izlerken \u00e7ocuklar, fark\u0131nda olmadan\u00a0<strong>klasik m\u00fczi\u011fi \u00f6z\u00fcmseyecekler<\/strong>, onun sesine giderek al\u0131\u015facaklard\u0131r.<\/li>\n<li>Symyfollies\u2019in ilk ana hedefi klasik m\u00fczi\u011fin \u00e7ocuklara ula\u015fmas\u0131n\u0131\u00a0<strong>komik ve ho\u015f bir yolla<\/strong>\u00a0sa\u011flamas\u0131d\u0131r.<\/li>\n<li>\u0130kinci hedefi ise Symfollies\u2019in D\u00fcnya \u00e7ap\u0131nda \u00e7ok geni\u015f \u015fekilde\u00a0<strong>farkl\u0131 aile izleyici kitleleriyle<\/strong>\u00a0tan\u0131\u015fmas\u0131n\u0131 sa\u011flamakt\u0131r.<\/li>\n<\/ul>\n","protected":false},"excerpt":{"rendered":"<p>Klasik m\u00fczi\u011fin hem gen\u00e7 ve hem de ya\u015fl\u0131lar\u0131n ki\u015fili\u011fine de\u011fer katk\u0131s\u0131 bilimsel olarak g\u00f6sterilmi\u015ftir. Klasik m\u00fczi\u011fin \u00e7ocuklar\u0131n e\u011fitimine olan deste\u011fi, onlar\u0131n analitik ve&#8230;<\/p>\n","protected":false},"author":1,"featured_media":0,"parent":1027,"menu_order":0,"comment_status":"closed","ping_status":"closed","template":"","meta":{"_acf_changed":false,"inline_featured_image":false,"_exactmetrics_skip_tracking":false,"_exactmetrics_sitenote_active":false,"_exactmetrics_sitenote_note":"","_exactmetrics_sitenote_category":0,"footnotes":""},"class_list":["post-1064","page","type-page","status-publish","hentry"],"acf":[],"yoast_head":"<!-- This site is optimized with the Yoast SEO plugin v27.0 - https:\/\/yoast.com\/product\/yoast-seo-wordpress\/ -->\n<title>Felsefemiz<\/title>\n<meta name=\"robots\" content=\"index, follow, max-snippet:-1, max-image-preview:large, max-video-preview:-1\" \/>\n<link rel=\"canonical\" href=\"https:\/\/www.symfollies.com\/tr\/over-symfollies\/filosofie\/\" \/>\n<meta property=\"og:locale\" content=\"tr_TR\" \/>\n<meta property=\"og:type\" content=\"article\" \/>\n<meta property=\"og:title\" content=\"Felsefemiz\" \/>\n<meta property=\"og:description\" content=\"Klasik m\u00fczi\u011fin hem gen\u00e7 ve hem de ya\u015fl\u0131lar\u0131n ki\u015fili\u011fine de\u011fer katk\u0131s\u0131 bilimsel olarak g\u00f6sterilmi\u015ftir. Klasik m\u00fczi\u011fin \u00e7ocuklar\u0131n e\u011fitimine olan deste\u011fi, onlar\u0131n analitik ve...\" \/>\n<meta property=\"og:url\" content=\"https:\/\/www.symfollies.com\/tr\/over-symfollies\/filosofie\/\" \/>\n<meta property=\"og:site_name\" content=\"Symfollies\" \/>\n<meta property=\"article:modified_time\" content=\"2021-08-09T08:25:59+00:00\" \/>\n<meta property=\"og:image\" content=\"https:\/\/www.symfollies.com\/wp-content\/uploads\/2021\/08\/logo.png\" \/>\n\t<meta property=\"og:image:width\" content=\"450\" \/>\n\t<meta property=\"og:image:height\" content=\"201\" \/>\n\t<meta property=\"og:image:type\" content=\"image\/png\" \/>\n<meta name=\"twitter:card\" content=\"summary_large_image\" \/>\n<meta name=\"twitter:label1\" content=\"Tahmini okuma s\u00fcresi\" \/>\n\t<meta name=\"twitter:data1\" content=\"1 dakika\" \/>\n<script type=\"application\/ld+json\" class=\"yoast-schema-graph\">{\"@context\":\"https:\/\/schema.org\",\"@graph\":[{\"@type\":\"WebPage\",\"@id\":\"https:\/\/www.symfollies.com\/tr\/over-symfollies\/filosofie\/\",\"url\":\"https:\/\/www.symfollies.com\/tr\/over-symfollies\/filosofie\/\",\"name\":\"Felsefemiz\",\"isPartOf\":{\"@id\":\"https:\/\/www.symfollies.com\/nl\/#website\"},\"datePublished\":\"2021-08-03T11:23:08+00:00\",\"dateModified\":\"2021-08-09T08:25:59+00:00\",\"breadcrumb\":{\"@id\":\"https:\/\/www.symfollies.com\/tr\/over-symfollies\/filosofie\/#breadcrumb\"},\"inLanguage\":\"tr\",\"potentialAction\":[{\"@type\":\"ReadAction\",\"target\":[\"https:\/\/www.symfollies.com\/tr\/over-symfollies\/filosofie\/\"]}]},{\"@type\":\"BreadcrumbList\",\"@id\":\"https:\/\/www.symfollies.com\/tr\/over-symfollies\/filosofie\/#breadcrumb\",\"itemListElement\":[{\"@type\":\"ListItem\",\"position\":1,\"name\":\"Home\",\"item\":\"https:\/\/www.symfollies.com\/tr\/\"},{\"@type\":\"ListItem\",\"position\":2,\"name\":\"Over Symfollies\",\"item\":\"https:\/\/www.symfollies.com\/tr\/over-symfollies\/\"},{\"@type\":\"ListItem\",\"position\":3,\"name\":\"Felsefemiz\"}]},{\"@type\":\"WebSite\",\"@id\":\"https:\/\/www.symfollies.com\/nl\/#website\",\"url\":\"https:\/\/www.symfollies.com\/nl\/\",\"name\":\"Symfollies\",\"description\":\"\",\"publisher\":{\"@id\":\"https:\/\/www.symfollies.com\/nl\/#organization\"},\"potentialAction\":[{\"@type\":\"SearchAction\",\"target\":{\"@type\":\"EntryPoint\",\"urlTemplate\":\"https:\/\/www.symfollies.com\/nl\/?s={search_term_string}\"},\"query-input\":{\"@type\":\"PropertyValueSpecification\",\"valueRequired\":true,\"valueName\":\"search_term_string\"}}],\"inLanguage\":\"tr\"},{\"@type\":\"Organization\",\"@id\":\"https:\/\/www.symfollies.com\/nl\/#organization\",\"name\":\"Symfollies\",\"url\":\"https:\/\/www.symfollies.com\/nl\/\",\"logo\":{\"@type\":\"ImageObject\",\"inLanguage\":\"tr\",\"@id\":\"https:\/\/www.symfollies.com\/nl\/#\/schema\/logo\/image\/\",\"url\":\"https:\/\/www.symfollies.com\/wp-content\/uploads\/2021\/08\/logo.png\",\"contentUrl\":\"https:\/\/www.symfollies.com\/wp-content\/uploads\/2021\/08\/logo.png\",\"width\":450,\"height\":201,\"caption\":\"Symfollies\"},\"image\":{\"@id\":\"https:\/\/www.symfollies.com\/nl\/#\/schema\/logo\/image\/\"}}]}<\/script>\n<!-- \/ Yoast SEO plugin. -->","yoast_head_json":{"title":"Felsefemiz","robots":{"index":"index","follow":"follow","max-snippet":"max-snippet:-1","max-image-preview":"max-image-preview:large","max-video-preview":"max-video-preview:-1"},"canonical":"https:\/\/www.symfollies.com\/tr\/over-symfollies\/filosofie\/","og_locale":"tr_TR","og_type":"article","og_title":"Felsefemiz","og_description":"Klasik m\u00fczi\u011fin hem gen\u00e7 ve hem de ya\u015fl\u0131lar\u0131n ki\u015fili\u011fine de\u011fer katk\u0131s\u0131 bilimsel olarak g\u00f6sterilmi\u015ftir. Klasik m\u00fczi\u011fin \u00e7ocuklar\u0131n e\u011fitimine olan deste\u011fi, onlar\u0131n analitik ve...","og_url":"https:\/\/www.symfollies.com\/tr\/over-symfollies\/filosofie\/","og_site_name":"Symfollies","article_modified_time":"2021-08-09T08:25:59+00:00","og_image":[{"width":450,"height":201,"url":"https:\/\/www.symfollies.com\/wp-content\/uploads\/2021\/08\/logo.png","type":"image\/png"}],"twitter_card":"summary_large_image","twitter_misc":{"Tahmini okuma s\u00fcresi":"1 dakika"},"schema":{"@context":"https:\/\/schema.org","@graph":[{"@type":"WebPage","@id":"https:\/\/www.symfollies.com\/tr\/over-symfollies\/filosofie\/","url":"https:\/\/www.symfollies.com\/tr\/over-symfollies\/filosofie\/","name":"Felsefemiz","isPartOf":{"@id":"https:\/\/www.symfollies.com\/nl\/#website"},"datePublished":"2021-08-03T11:23:08+00:00","dateModified":"2021-08-09T08:25:59+00:00","breadcrumb":{"@id":"https:\/\/www.symfollies.com\/tr\/over-symfollies\/filosofie\/#breadcrumb"},"inLanguage":"tr","potentialAction":[{"@type":"ReadAction","target":["https:\/\/www.symfollies.com\/tr\/over-symfollies\/filosofie\/"]}]},{"@type":"BreadcrumbList","@id":"https:\/\/www.symfollies.com\/tr\/over-symfollies\/filosofie\/#breadcrumb","itemListElement":[{"@type":"ListItem","position":1,"name":"Home","item":"https:\/\/www.symfollies.com\/tr\/"},{"@type":"ListItem","position":2,"name":"Over Symfollies","item":"https:\/\/www.symfollies.com\/tr\/over-symfollies\/"},{"@type":"ListItem","position":3,"name":"Felsefemiz"}]},{"@type":"WebSite","@id":"https:\/\/www.symfollies.com\/nl\/#website","url":"https:\/\/www.symfollies.com\/nl\/","name":"Symfollies","description":"","publisher":{"@id":"https:\/\/www.symfollies.com\/nl\/#organization"},"potentialAction":[{"@type":"SearchAction","target":{"@type":"EntryPoint","urlTemplate":"https:\/\/www.symfollies.com\/nl\/?s={search_term_string}"},"query-input":{"@type":"PropertyValueSpecification","valueRequired":true,"valueName":"search_term_string"}}],"inLanguage":"tr"},{"@type":"Organization","@id":"https:\/\/www.symfollies.com\/nl\/#organization","name":"Symfollies","url":"https:\/\/www.symfollies.com\/nl\/","logo":{"@type":"ImageObject","inLanguage":"tr","@id":"https:\/\/www.symfollies.com\/nl\/#\/schema\/logo\/image\/","url":"https:\/\/www.symfollies.com\/wp-content\/uploads\/2021\/08\/logo.png","contentUrl":"https:\/\/www.symfollies.com\/wp-content\/uploads\/2021\/08\/logo.png","width":450,"height":201,"caption":"Symfollies"},"image":{"@id":"https:\/\/www.symfollies.com\/nl\/#\/schema\/logo\/image\/"}}]}},"_links":{"self":[{"href":"https:\/\/www.symfollies.com\/tr\/wp-json\/wp\/v2\/pages\/1064","targetHints":{"allow":["GET"]}}],"collection":[{"href":"https:\/\/www.symfollies.com\/tr\/wp-json\/wp\/v2\/pages"}],"about":[{"href":"https:\/\/www.symfollies.com\/tr\/wp-json\/wp\/v2\/types\/page"}],"author":[{"embeddable":true,"href":"https:\/\/www.symfollies.com\/tr\/wp-json\/wp\/v2\/users\/1"}],"replies":[{"embeddable":true,"href":"https:\/\/www.symfollies.com\/tr\/wp-json\/wp\/v2\/comments?post=1064"}],"version-history":[{"count":0,"href":"https:\/\/www.symfollies.com\/tr\/wp-json\/wp\/v2\/pages\/1064\/revisions"}],"up":[{"embeddable":true,"href":"https:\/\/www.symfollies.com\/tr\/wp-json\/wp\/v2\/pages\/1027"}],"wp:attachment":[{"href":"https:\/\/www.symfollies.com\/tr\/wp-json\/wp\/v2\/media?parent=1064"}],"curies":[{"name":"wp","href":"https:\/\/api.w.org\/{rel}","templated":true}]}}