{"id":1074,"date":"2021-08-03T13:23:17","date_gmt":"2021-08-03T11:23:17","guid":{"rendered":"https:\/\/www.symfollies.com\/over-symfollies\/hoofdpersonages\/"},"modified":"2021-08-09T10:50:07","modified_gmt":"2021-08-09T08:50:07","slug":"hoofdpersonages","status":"publish","type":"page","link":"https:\/\/www.symfollies.com\/tr\/over-symfollies\/hoofdpersonages\/","title":{"rendered":"Ana Karakterler"},"content":{"rendered":"<h4>STRADI<\/h4>\n<p><img loading=\"lazy\" decoding=\"async\" class=\"alignnone size-full wp-image-424\" src=\"https:\/\/www.symfollies.com\/wp-content\/uploads\/2021\/08\/stradi.jpg\" alt=\"\" width=\"288\" height=\"480\" srcset=\"https:\/\/www.symfollies.com\/wp-content\/uploads\/2021\/08\/stradi.jpg 288w, https:\/\/www.symfollies.com\/wp-content\/uploads\/2021\/08\/stradi-180x300.jpg 180w\" sizes=\"auto, (max-width: 288px) 100vw, 288px\" \/><\/p>\n<p>Stradi, keman, \u00e7izgi filmlerdeki ana karakterlerden biridir. O daha \u00e7ok macerac\u0131d\u0131r ve bazen g\u00f6z\u00fcpek, hatta disiplinsizdir. Arkada\u015fl\u0131\u011f\u0131 ve ilginin oda\u011f\u0131 olmay\u0131 sever. Ayn\u0131 zamanda zeki ve a\u00e7\u0131kg\u00f6zd\u00fcr. K\u0131zkarde\u015fi Viola ile bir \u00e7ok komik maceralar ya\u015farlar.<\/p>\n<p>&nbsp;<\/p>\n<h4>VIOLA<\/h4>\n<p><img loading=\"lazy\" decoding=\"async\" class=\"alignnone size-full wp-image-159\" src=\"https:\/\/www.symfollies.com\/wp-content\/uploads\/2021\/08\/viola.jpg\" alt=\"\" width=\"288\" height=\"480\" srcset=\"https:\/\/www.symfollies.com\/wp-content\/uploads\/2021\/08\/viola.jpg 288w, https:\/\/www.symfollies.com\/wp-content\/uploads\/2021\/08\/viola-180x300.jpg 180w\" sizes=\"auto, (max-width: 288px) 100vw, 288px\" \/><\/p>\n<p>Keman\u0131n b\u00fcy\u00fck k\u0131z karde\u015fi ho\u015f ve mant\u0131kl\u0131, bazen inat\u00e7\u0131 bir k\u0131zd\u0131r. Erkek karde\u015finden daha az macerac\u0131d\u0131r, fakat kendini korumay\u0131 \u00e7ok iyi bilir.\u00a0 Her ailede oldu\u011fu gibi bazen erkek karde\u015fi ile \u00e7eki\u015fir.<\/p>\n<h4><\/h4>\n<h4>CELINE<\/h4>\n<p><img loading=\"lazy\" decoding=\"async\" class=\"alignnone size-full wp-image-157\" src=\"https:\/\/www.symfollies.com\/wp-content\/uploads\/2021\/08\/celine.jpg\" alt=\"\" width=\"288\" height=\"480\" srcset=\"https:\/\/www.symfollies.com\/wp-content\/uploads\/2021\/08\/celine.jpg 288w, https:\/\/www.symfollies.com\/wp-content\/uploads\/2021\/08\/celine-180x300.jpg 180w\" sizes=\"auto, (max-width: 288px) 100vw, 288px\" \/><\/p>\n<p>Ailenin annesidir. Yumu\u015fak fakat kararl\u0131 bir karakterdir. Gen\u00e7leri baba Bass\u2019dan daha iyi tan\u0131r ve anlar. Aile i\u00e7i \u00e7eki\u015fmelerde s\u0131kl\u0131kla arabulucudur. Celine kesinlikle aile i\u00e7indeki lider ki\u015fidir, \u00e7ok da g\u00fclmez. Lider karakteri ile aile hayat\u0131n\u0131 organize eder.<\/p>\n<h4><\/h4>\n<h4>BASS<\/h4>\n<p><img loading=\"lazy\" decoding=\"async\" class=\"alignnone size-full wp-image-156\" src=\"https:\/\/www.symfollies.com\/wp-content\/uploads\/2021\/08\/bass.jpg\" alt=\"\" width=\"288\" height=\"480\" srcset=\"https:\/\/www.symfollies.com\/wp-content\/uploads\/2021\/08\/bass.jpg 288w, https:\/\/www.symfollies.com\/wp-content\/uploads\/2021\/08\/bass-180x300.jpg 180w\" sizes=\"auto, (max-width: 288px) 100vw, 288px\" \/><\/p>\n<p>Ailenin babas\u0131d\u0131r. \u0130yi bir baba, ne\u015feli ve iyi huyludur. Fakat bazen sert de olabilir. G\u00fcld\u00fc\u011f\u00fc zaman g\u00f6be\u011fi titrer, k\u0131zd\u0131\u011f\u0131 zaman b\u0131y\u0131klar\u0131 k\u0131vr\u0131l\u0131r.\u00a0 Ailenin k\u0131l\u0131b\u0131\u011f\u0131d\u0131r.<\/p>\n","protected":false},"excerpt":{"rendered":"<p>STRADI Stradi, keman, \u00e7izgi filmlerdeki ana karakterlerden biridir. O daha \u00e7ok macerac\u0131d\u0131r ve bazen g\u00f6z\u00fcpek, hatta disiplinsizdir. Arkada\u015fl\u0131\u011f\u0131 ve ilginin oda\u011f\u0131 olmay\u0131 sever&#8230;.<\/p>\n","protected":false},"author":1,"featured_media":0,"parent":1027,"menu_order":0,"comment_status":"closed","ping_status":"closed","template":"","meta":{"_acf_changed":false,"inline_featured_image":false,"_exactmetrics_skip_tracking":false,"_exactmetrics_sitenote_active":false,"_exactmetrics_sitenote_note":"","_exactmetrics_sitenote_category":0,"footnotes":""},"class_list":["post-1074","page","type-page","status-publish","hentry"],"acf":[],"yoast_head":"<!-- This site is optimized with the Yoast SEO plugin v27.0 - https:\/\/yoast.com\/product\/yoast-seo-wordpress\/ -->\n<title>Ana Karakterler<\/title>\n<meta name=\"robots\" content=\"index, follow, max-snippet:-1, max-image-preview:large, max-video-preview:-1\" \/>\n<link rel=\"canonical\" href=\"https:\/\/www.symfollies.com\/tr\/over-symfollies\/hoofdpersonages\/\" \/>\n<meta property=\"og:locale\" content=\"tr_TR\" \/>\n<meta property=\"og:type\" content=\"article\" \/>\n<meta property=\"og:title\" content=\"Ana Karakterler\" \/>\n<meta property=\"og:description\" content=\"STRADI Stradi, keman, \u00e7izgi filmlerdeki ana karakterlerden biridir. O daha \u00e7ok macerac\u0131d\u0131r ve bazen g\u00f6z\u00fcpek, hatta disiplinsizdir. Arkada\u015fl\u0131\u011f\u0131 ve ilginin oda\u011f\u0131 olmay\u0131 sever....\" \/>\n<meta property=\"og:url\" content=\"https:\/\/www.symfollies.com\/tr\/over-symfollies\/hoofdpersonages\/\" \/>\n<meta property=\"og:site_name\" content=\"Symfollies\" \/>\n<meta property=\"article:modified_time\" content=\"2021-08-09T08:50:07+00:00\" \/>\n<meta property=\"og:image\" content=\"https:\/\/www.symfollies.com\/wp-content\/uploads\/2021\/08\/stradi.jpg\" \/>\n<meta name=\"twitter:card\" content=\"summary_large_image\" \/>\n<meta name=\"twitter:label1\" content=\"Tahmini okuma s\u00fcresi\" \/>\n\t<meta name=\"twitter:data1\" content=\"2 dakika\" \/>\n<script type=\"application\/ld+json\" class=\"yoast-schema-graph\">{\"@context\":\"https:\/\/schema.org\",\"@graph\":[{\"@type\":\"WebPage\",\"@id\":\"https:\/\/www.symfollies.com\/tr\/over-symfollies\/hoofdpersonages\/\",\"url\":\"https:\/\/www.symfollies.com\/tr\/over-symfollies\/hoofdpersonages\/\",\"name\":\"Ana Karakterler\",\"isPartOf\":{\"@id\":\"https:\/\/www.symfollies.com\/nl\/#website\"},\"primaryImageOfPage\":{\"@id\":\"https:\/\/www.symfollies.com\/tr\/over-symfollies\/hoofdpersonages\/#primaryimage\"},\"image\":{\"@id\":\"https:\/\/www.symfollies.com\/tr\/over-symfollies\/hoofdpersonages\/#primaryimage\"},\"thumbnailUrl\":\"https:\/\/www.symfollies.com\/wp-content\/uploads\/2021\/08\/stradi.jpg\",\"datePublished\":\"2021-08-03T11:23:17+00:00\",\"dateModified\":\"2021-08-09T08:50:07+00:00\",\"breadcrumb\":{\"@id\":\"https:\/\/www.symfollies.com\/tr\/over-symfollies\/hoofdpersonages\/#breadcrumb\"},\"inLanguage\":\"tr\",\"potentialAction\":[{\"@type\":\"ReadAction\",\"target\":[\"https:\/\/www.symfollies.com\/tr\/over-symfollies\/hoofdpersonages\/\"]}]},{\"@type\":\"ImageObject\",\"inLanguage\":\"tr\",\"@id\":\"https:\/\/www.symfollies.com\/tr\/over-symfollies\/hoofdpersonages\/#primaryimage\",\"url\":\"https:\/\/www.symfollies.com\/wp-content\/uploads\/2021\/08\/stradi.jpg\",\"contentUrl\":\"https:\/\/www.symfollies.com\/wp-content\/uploads\/2021\/08\/stradi.jpg\"},{\"@type\":\"BreadcrumbList\",\"@id\":\"https:\/\/www.symfollies.com\/tr\/over-symfollies\/hoofdpersonages\/#breadcrumb\",\"itemListElement\":[{\"@type\":\"ListItem\",\"position\":1,\"name\":\"Home\",\"item\":\"https:\/\/www.symfollies.com\/tr\/\"},{\"@type\":\"ListItem\",\"position\":2,\"name\":\"Over Symfollies\",\"item\":\"https:\/\/www.symfollies.com\/tr\/over-symfollies\/\"},{\"@type\":\"ListItem\",\"position\":3,\"name\":\"Ana Karakterler\"}]},{\"@type\":\"WebSite\",\"@id\":\"https:\/\/www.symfollies.com\/nl\/#website\",\"url\":\"https:\/\/www.symfollies.com\/nl\/\",\"name\":\"Symfollies\",\"description\":\"\",\"publisher\":{\"@id\":\"https:\/\/www.symfollies.com\/nl\/#organization\"},\"potentialAction\":[{\"@type\":\"SearchAction\",\"target\":{\"@type\":\"EntryPoint\",\"urlTemplate\":\"https:\/\/www.symfollies.com\/nl\/?s={search_term_string}\"},\"query-input\":{\"@type\":\"PropertyValueSpecification\",\"valueRequired\":true,\"valueName\":\"search_term_string\"}}],\"inLanguage\":\"tr\"},{\"@type\":\"Organization\",\"@id\":\"https:\/\/www.symfollies.com\/nl\/#organization\",\"name\":\"Symfollies\",\"url\":\"https:\/\/www.symfollies.com\/nl\/\",\"logo\":{\"@type\":\"ImageObject\",\"inLanguage\":\"tr\",\"@id\":\"https:\/\/www.symfollies.com\/nl\/#\/schema\/logo\/image\/\",\"url\":\"https:\/\/www.symfollies.com\/wp-content\/uploads\/2021\/08\/logo.png\",\"contentUrl\":\"https:\/\/www.symfollies.com\/wp-content\/uploads\/2021\/08\/logo.png\",\"width\":450,\"height\":201,\"caption\":\"Symfollies\"},\"image\":{\"@id\":\"https:\/\/www.symfollies.com\/nl\/#\/schema\/logo\/image\/\"}}]}<\/script>\n<!-- \/ Yoast SEO plugin. -->","yoast_head_json":{"title":"Ana Karakterler","robots":{"index":"index","follow":"follow","max-snippet":"max-snippet:-1","max-image-preview":"max-image-preview:large","max-video-preview":"max-video-preview:-1"},"canonical":"https:\/\/www.symfollies.com\/tr\/over-symfollies\/hoofdpersonages\/","og_locale":"tr_TR","og_type":"article","og_title":"Ana Karakterler","og_description":"STRADI Stradi, keman, \u00e7izgi filmlerdeki ana karakterlerden biridir. O daha \u00e7ok macerac\u0131d\u0131r ve bazen g\u00f6z\u00fcpek, hatta disiplinsizdir. Arkada\u015fl\u0131\u011f\u0131 ve ilginin oda\u011f\u0131 olmay\u0131 sever....","og_url":"https:\/\/www.symfollies.com\/tr\/over-symfollies\/hoofdpersonages\/","og_site_name":"Symfollies","article_modified_time":"2021-08-09T08:50:07+00:00","og_image":[{"url":"https:\/\/www.symfollies.com\/wp-content\/uploads\/2021\/08\/stradi.jpg","type":"","width":"","height":""}],"twitter_card":"summary_large_image","twitter_misc":{"Tahmini okuma s\u00fcresi":"2 dakika"},"schema":{"@context":"https:\/\/schema.org","@graph":[{"@type":"WebPage","@id":"https:\/\/www.symfollies.com\/tr\/over-symfollies\/hoofdpersonages\/","url":"https:\/\/www.symfollies.com\/tr\/over-symfollies\/hoofdpersonages\/","name":"Ana Karakterler","isPartOf":{"@id":"https:\/\/www.symfollies.com\/nl\/#website"},"primaryImageOfPage":{"@id":"https:\/\/www.symfollies.com\/tr\/over-symfollies\/hoofdpersonages\/#primaryimage"},"image":{"@id":"https:\/\/www.symfollies.com\/tr\/over-symfollies\/hoofdpersonages\/#primaryimage"},"thumbnailUrl":"https:\/\/www.symfollies.com\/wp-content\/uploads\/2021\/08\/stradi.jpg","datePublished":"2021-08-03T11:23:17+00:00","dateModified":"2021-08-09T08:50:07+00:00","breadcrumb":{"@id":"https:\/\/www.symfollies.com\/tr\/over-symfollies\/hoofdpersonages\/#breadcrumb"},"inLanguage":"tr","potentialAction":[{"@type":"ReadAction","target":["https:\/\/www.symfollies.com\/tr\/over-symfollies\/hoofdpersonages\/"]}]},{"@type":"ImageObject","inLanguage":"tr","@id":"https:\/\/www.symfollies.com\/tr\/over-symfollies\/hoofdpersonages\/#primaryimage","url":"https:\/\/www.symfollies.com\/wp-content\/uploads\/2021\/08\/stradi.jpg","contentUrl":"https:\/\/www.symfollies.com\/wp-content\/uploads\/2021\/08\/stradi.jpg"},{"@type":"BreadcrumbList","@id":"https:\/\/www.symfollies.com\/tr\/over-symfollies\/hoofdpersonages\/#breadcrumb","itemListElement":[{"@type":"ListItem","position":1,"name":"Home","item":"https:\/\/www.symfollies.com\/tr\/"},{"@type":"ListItem","position":2,"name":"Over Symfollies","item":"https:\/\/www.symfollies.com\/tr\/over-symfollies\/"},{"@type":"ListItem","position":3,"name":"Ana Karakterler"}]},{"@type":"WebSite","@id":"https:\/\/www.symfollies.com\/nl\/#website","url":"https:\/\/www.symfollies.com\/nl\/","name":"Symfollies","description":"","publisher":{"@id":"https:\/\/www.symfollies.com\/nl\/#organization"},"potentialAction":[{"@type":"SearchAction","target":{"@type":"EntryPoint","urlTemplate":"https:\/\/www.symfollies.com\/nl\/?s={search_term_string}"},"query-input":{"@type":"PropertyValueSpecification","valueRequired":true,"valueName":"search_term_string"}}],"inLanguage":"tr"},{"@type":"Organization","@id":"https:\/\/www.symfollies.com\/nl\/#organization","name":"Symfollies","url":"https:\/\/www.symfollies.com\/nl\/","logo":{"@type":"ImageObject","inLanguage":"tr","@id":"https:\/\/www.symfollies.com\/nl\/#\/schema\/logo\/image\/","url":"https:\/\/www.symfollies.com\/wp-content\/uploads\/2021\/08\/logo.png","contentUrl":"https:\/\/www.symfollies.com\/wp-content\/uploads\/2021\/08\/logo.png","width":450,"height":201,"caption":"Symfollies"},"image":{"@id":"https:\/\/www.symfollies.com\/nl\/#\/schema\/logo\/image\/"}}]}},"_links":{"self":[{"href":"https:\/\/www.symfollies.com\/tr\/wp-json\/wp\/v2\/pages\/1074","targetHints":{"allow":["GET"]}}],"collection":[{"href":"https:\/\/www.symfollies.com\/tr\/wp-json\/wp\/v2\/pages"}],"about":[{"href":"https:\/\/www.symfollies.com\/tr\/wp-json\/wp\/v2\/types\/page"}],"author":[{"embeddable":true,"href":"https:\/\/www.symfollies.com\/tr\/wp-json\/wp\/v2\/users\/1"}],"replies":[{"embeddable":true,"href":"https:\/\/www.symfollies.com\/tr\/wp-json\/wp\/v2\/comments?post=1074"}],"version-history":[{"count":0,"href":"https:\/\/www.symfollies.com\/tr\/wp-json\/wp\/v2\/pages\/1074\/revisions"}],"up":[{"embeddable":true,"href":"https:\/\/www.symfollies.com\/tr\/wp-json\/wp\/v2\/pages\/1027"}],"wp:attachment":[{"href":"https:\/\/www.symfollies.com\/tr\/wp-json\/wp\/v2\/media?parent=1074"}],"curies":[{"name":"wp","href":"https:\/\/api.w.org\/{rel}","templated":true}]}}