{"id":1112,"date":"2021-08-03T13:26:04","date_gmt":"2021-08-03T11:26:04","guid":{"rendered":"https:\/\/www.symfollies.com\/tv\/wereldwijd-project\/"},"modified":"2021-08-09T11:02:51","modified_gmt":"2021-08-09T09:02:51","slug":"wereldwijd-project","status":"publish","type":"page","link":"https:\/\/www.symfollies.com\/tr\/tv\/wereldwijd-project\/","title":{"rendered":"D\u00fcnya \u00c7ap\u0131nda Bir Proje"},"content":{"rendered":"<p>Symfollies\u2019de yarat\u0131ld\u0131\u011f\u0131ndan bu yana hep bir peri masal\u0131 olgusu vard\u0131r\u2026 Bel\u00e7ika\u2019da lanse edildi\u011fi ilk y\u0131l (VTR\/Ketnet), Symfollies h\u00fck\u00fcmet taraf\u0131ndan y\u0131l\u0131n en iyi \u00e7ocuk program\u0131 se\u00e7ilmi\u015ftir. Bug\u00fcn Symfollies t\u00fcm D\u00fcnya\u2019da yay\u0131nlanmaktad\u0131r: Avrupa, Asya, Afrika, Kuzey ve G\u00fcney Amerika\u2019da 100 den fazla \u00fclkede yay\u0131nlanmakta, senmfonik orkestran\u0131n maceralar\u0131 g\u00f6sterilmektedir.<\/p>\n<p><img loading=\"lazy\" decoding=\"async\" class=\"alignnone size-full wp-image-164\" src=\"https:\/\/www.symfollies.com\/wp-content\/uploads\/2021\/08\/worldmap.jpg\" alt=\"\" width=\"911\" height=\"489\" srcset=\"https:\/\/www.symfollies.com\/wp-content\/uploads\/2021\/08\/worldmap.jpg 911w, https:\/\/www.symfollies.com\/wp-content\/uploads\/2021\/08\/worldmap-300x161.jpg 300w, https:\/\/www.symfollies.com\/wp-content\/uploads\/2021\/08\/worldmap-768x412.jpg 768w\" sizes=\"auto, (max-width: 911px) 100vw, 911px\" \/><\/p>\n<p>Diziler genellikle g\u00fcnl\u00fck bazda g\u00fcn\u00fcn belirli saatlerinde ortak TV yay\u0131nc\u0131n\u0131n kanal\u0131nda g\u00f6sterilmektedir. 52 b\u00f6l\u00fcm d\u00fczenli olarak tekrar edilmektedir. \u00c7ocuklar Symfollies\u2019i daha \u00e7ok seyrettik\u00e7e onu daha \u00e7ok sevmektedirler ve klasik m\u00fczi\u011fin \u00f6nemimini daha \u00e7ok anlayacaklard\u0131r. Bundan da \u00f6nemlisi as\u0131l \u00e7ocuklarla birlikte bu dizileri seyreden anne, baba, b\u00fcy\u00fck baba ve b\u00fcy\u00fck anneler bundan \u00e7ok ho\u015flanmaktad\u0131rlar. B\u00f6ylelikle Stradi ve Viola\u2019n\u0131n maceralar\u0131 ya\u015f s\u0131n\u0131rs\u0131z hale gelmi\u015ftir.<\/p>\n","protected":false},"excerpt":{"rendered":"<p>Symfollies\u2019de yarat\u0131ld\u0131\u011f\u0131ndan bu yana hep bir peri masal\u0131 olgusu vard\u0131r\u2026 Bel\u00e7ika\u2019da lanse edildi\u011fi ilk y\u0131l (VTR\/Ketnet), Symfollies h\u00fck\u00fcmet taraf\u0131ndan y\u0131l\u0131n en iyi \u00e7ocuk&#8230;<\/p>\n","protected":false},"author":1,"featured_media":0,"parent":1097,"menu_order":0,"comment_status":"closed","ping_status":"closed","template":"","meta":{"_acf_changed":false,"inline_featured_image":false,"_exactmetrics_skip_tracking":false,"_exactmetrics_sitenote_active":false,"_exactmetrics_sitenote_note":"","_exactmetrics_sitenote_category":0,"footnotes":""},"class_list":["post-1112","page","type-page","status-publish","hentry"],"acf":[],"yoast_head":"<!-- This site is optimized with the Yoast SEO plugin v27.0 - https:\/\/yoast.com\/product\/yoast-seo-wordpress\/ -->\n<title>D\u00fcnya \u00c7ap\u0131nda Bir Proje<\/title>\n<meta name=\"robots\" content=\"index, follow, max-snippet:-1, max-image-preview:large, max-video-preview:-1\" \/>\n<link rel=\"canonical\" href=\"https:\/\/www.symfollies.com\/tr\/tv\/wereldwijd-project\/\" \/>\n<meta property=\"og:locale\" content=\"tr_TR\" \/>\n<meta property=\"og:type\" content=\"article\" \/>\n<meta property=\"og:title\" content=\"D\u00fcnya \u00c7ap\u0131nda Bir Proje\" \/>\n<meta property=\"og:description\" content=\"Symfollies\u2019de yarat\u0131ld\u0131\u011f\u0131ndan bu yana hep bir peri masal\u0131 olgusu vard\u0131r\u2026 Bel\u00e7ika\u2019da lanse edildi\u011fi ilk y\u0131l (VTR\/Ketnet), Symfollies h\u00fck\u00fcmet taraf\u0131ndan y\u0131l\u0131n en iyi \u00e7ocuk...\" \/>\n<meta property=\"og:url\" content=\"https:\/\/www.symfollies.com\/tr\/tv\/wereldwijd-project\/\" \/>\n<meta property=\"og:site_name\" content=\"Symfollies\" \/>\n<meta property=\"article:modified_time\" content=\"2021-08-09T09:02:51+00:00\" \/>\n<meta property=\"og:image\" content=\"https:\/\/www.symfollies.com\/wp-content\/uploads\/2021\/08\/worldmap.jpg\" \/>\n<meta name=\"twitter:card\" content=\"summary_large_image\" \/>\n<meta name=\"twitter:label1\" content=\"Tahmini okuma s\u00fcresi\" \/>\n\t<meta name=\"twitter:data1\" content=\"1 dakika\" \/>\n<script type=\"application\/ld+json\" class=\"yoast-schema-graph\">{\"@context\":\"https:\/\/schema.org\",\"@graph\":[{\"@type\":\"WebPage\",\"@id\":\"https:\/\/www.symfollies.com\/tr\/tv\/wereldwijd-project\/\",\"url\":\"https:\/\/www.symfollies.com\/tr\/tv\/wereldwijd-project\/\",\"name\":\"D\u00fcnya \u00c7ap\u0131nda Bir Proje\",\"isPartOf\":{\"@id\":\"https:\/\/www.symfollies.com\/nl\/#website\"},\"primaryImageOfPage\":{\"@id\":\"https:\/\/www.symfollies.com\/tr\/tv\/wereldwijd-project\/#primaryimage\"},\"image\":{\"@id\":\"https:\/\/www.symfollies.com\/tr\/tv\/wereldwijd-project\/#primaryimage\"},\"thumbnailUrl\":\"https:\/\/www.symfollies.com\/wp-content\/uploads\/2021\/08\/worldmap.jpg\",\"datePublished\":\"2021-08-03T11:26:04+00:00\",\"dateModified\":\"2021-08-09T09:02:51+00:00\",\"breadcrumb\":{\"@id\":\"https:\/\/www.symfollies.com\/tr\/tv\/wereldwijd-project\/#breadcrumb\"},\"inLanguage\":\"tr\",\"potentialAction\":[{\"@type\":\"ReadAction\",\"target\":[\"https:\/\/www.symfollies.com\/tr\/tv\/wereldwijd-project\/\"]}]},{\"@type\":\"ImageObject\",\"inLanguage\":\"tr\",\"@id\":\"https:\/\/www.symfollies.com\/tr\/tv\/wereldwijd-project\/#primaryimage\",\"url\":\"https:\/\/www.symfollies.com\/wp-content\/uploads\/2021\/08\/worldmap.jpg\",\"contentUrl\":\"https:\/\/www.symfollies.com\/wp-content\/uploads\/2021\/08\/worldmap.jpg\"},{\"@type\":\"BreadcrumbList\",\"@id\":\"https:\/\/www.symfollies.com\/tr\/tv\/wereldwijd-project\/#breadcrumb\",\"itemListElement\":[{\"@type\":\"ListItem\",\"position\":1,\"name\":\"Home\",\"item\":\"https:\/\/www.symfollies.com\/tr\/\"},{\"@type\":\"ListItem\",\"position\":2,\"name\":\"TV-Dizileri\",\"item\":\"https:\/\/www.symfollies.com\/tr\/tv\/\"},{\"@type\":\"ListItem\",\"position\":3,\"name\":\"D\u00fcnya \u00c7ap\u0131nda Bir Proje\"}]},{\"@type\":\"WebSite\",\"@id\":\"https:\/\/www.symfollies.com\/nl\/#website\",\"url\":\"https:\/\/www.symfollies.com\/nl\/\",\"name\":\"Symfollies\",\"description\":\"\",\"publisher\":{\"@id\":\"https:\/\/www.symfollies.com\/nl\/#organization\"},\"potentialAction\":[{\"@type\":\"SearchAction\",\"target\":{\"@type\":\"EntryPoint\",\"urlTemplate\":\"https:\/\/www.symfollies.com\/nl\/?s={search_term_string}\"},\"query-input\":{\"@type\":\"PropertyValueSpecification\",\"valueRequired\":true,\"valueName\":\"search_term_string\"}}],\"inLanguage\":\"tr\"},{\"@type\":\"Organization\",\"@id\":\"https:\/\/www.symfollies.com\/nl\/#organization\",\"name\":\"Symfollies\",\"url\":\"https:\/\/www.symfollies.com\/nl\/\",\"logo\":{\"@type\":\"ImageObject\",\"inLanguage\":\"tr\",\"@id\":\"https:\/\/www.symfollies.com\/nl\/#\/schema\/logo\/image\/\",\"url\":\"https:\/\/www.symfollies.com\/wp-content\/uploads\/2021\/08\/logo.png\",\"contentUrl\":\"https:\/\/www.symfollies.com\/wp-content\/uploads\/2021\/08\/logo.png\",\"width\":450,\"height\":201,\"caption\":\"Symfollies\"},\"image\":{\"@id\":\"https:\/\/www.symfollies.com\/nl\/#\/schema\/logo\/image\/\"}}]}<\/script>\n<!-- \/ Yoast SEO plugin. -->","yoast_head_json":{"title":"D\u00fcnya \u00c7ap\u0131nda Bir Proje","robots":{"index":"index","follow":"follow","max-snippet":"max-snippet:-1","max-image-preview":"max-image-preview:large","max-video-preview":"max-video-preview:-1"},"canonical":"https:\/\/www.symfollies.com\/tr\/tv\/wereldwijd-project\/","og_locale":"tr_TR","og_type":"article","og_title":"D\u00fcnya \u00c7ap\u0131nda Bir Proje","og_description":"Symfollies\u2019de yarat\u0131ld\u0131\u011f\u0131ndan bu yana hep bir peri masal\u0131 olgusu vard\u0131r\u2026 Bel\u00e7ika\u2019da lanse edildi\u011fi ilk y\u0131l (VTR\/Ketnet), Symfollies h\u00fck\u00fcmet taraf\u0131ndan y\u0131l\u0131n en iyi \u00e7ocuk...","og_url":"https:\/\/www.symfollies.com\/tr\/tv\/wereldwijd-project\/","og_site_name":"Symfollies","article_modified_time":"2021-08-09T09:02:51+00:00","og_image":[{"url":"https:\/\/www.symfollies.com\/wp-content\/uploads\/2021\/08\/worldmap.jpg","type":"","width":"","height":""}],"twitter_card":"summary_large_image","twitter_misc":{"Tahmini okuma s\u00fcresi":"1 dakika"},"schema":{"@context":"https:\/\/schema.org","@graph":[{"@type":"WebPage","@id":"https:\/\/www.symfollies.com\/tr\/tv\/wereldwijd-project\/","url":"https:\/\/www.symfollies.com\/tr\/tv\/wereldwijd-project\/","name":"D\u00fcnya \u00c7ap\u0131nda Bir Proje","isPartOf":{"@id":"https:\/\/www.symfollies.com\/nl\/#website"},"primaryImageOfPage":{"@id":"https:\/\/www.symfollies.com\/tr\/tv\/wereldwijd-project\/#primaryimage"},"image":{"@id":"https:\/\/www.symfollies.com\/tr\/tv\/wereldwijd-project\/#primaryimage"},"thumbnailUrl":"https:\/\/www.symfollies.com\/wp-content\/uploads\/2021\/08\/worldmap.jpg","datePublished":"2021-08-03T11:26:04+00:00","dateModified":"2021-08-09T09:02:51+00:00","breadcrumb":{"@id":"https:\/\/www.symfollies.com\/tr\/tv\/wereldwijd-project\/#breadcrumb"},"inLanguage":"tr","potentialAction":[{"@type":"ReadAction","target":["https:\/\/www.symfollies.com\/tr\/tv\/wereldwijd-project\/"]}]},{"@type":"ImageObject","inLanguage":"tr","@id":"https:\/\/www.symfollies.com\/tr\/tv\/wereldwijd-project\/#primaryimage","url":"https:\/\/www.symfollies.com\/wp-content\/uploads\/2021\/08\/worldmap.jpg","contentUrl":"https:\/\/www.symfollies.com\/wp-content\/uploads\/2021\/08\/worldmap.jpg"},{"@type":"BreadcrumbList","@id":"https:\/\/www.symfollies.com\/tr\/tv\/wereldwijd-project\/#breadcrumb","itemListElement":[{"@type":"ListItem","position":1,"name":"Home","item":"https:\/\/www.symfollies.com\/tr\/"},{"@type":"ListItem","position":2,"name":"TV-Dizileri","item":"https:\/\/www.symfollies.com\/tr\/tv\/"},{"@type":"ListItem","position":3,"name":"D\u00fcnya \u00c7ap\u0131nda Bir Proje"}]},{"@type":"WebSite","@id":"https:\/\/www.symfollies.com\/nl\/#website","url":"https:\/\/www.symfollies.com\/nl\/","name":"Symfollies","description":"","publisher":{"@id":"https:\/\/www.symfollies.com\/nl\/#organization"},"potentialAction":[{"@type":"SearchAction","target":{"@type":"EntryPoint","urlTemplate":"https:\/\/www.symfollies.com\/nl\/?s={search_term_string}"},"query-input":{"@type":"PropertyValueSpecification","valueRequired":true,"valueName":"search_term_string"}}],"inLanguage":"tr"},{"@type":"Organization","@id":"https:\/\/www.symfollies.com\/nl\/#organization","name":"Symfollies","url":"https:\/\/www.symfollies.com\/nl\/","logo":{"@type":"ImageObject","inLanguage":"tr","@id":"https:\/\/www.symfollies.com\/nl\/#\/schema\/logo\/image\/","url":"https:\/\/www.symfollies.com\/wp-content\/uploads\/2021\/08\/logo.png","contentUrl":"https:\/\/www.symfollies.com\/wp-content\/uploads\/2021\/08\/logo.png","width":450,"height":201,"caption":"Symfollies"},"image":{"@id":"https:\/\/www.symfollies.com\/nl\/#\/schema\/logo\/image\/"}}]}},"_links":{"self":[{"href":"https:\/\/www.symfollies.com\/tr\/wp-json\/wp\/v2\/pages\/1112","targetHints":{"allow":["GET"]}}],"collection":[{"href":"https:\/\/www.symfollies.com\/tr\/wp-json\/wp\/v2\/pages"}],"about":[{"href":"https:\/\/www.symfollies.com\/tr\/wp-json\/wp\/v2\/types\/page"}],"author":[{"embeddable":true,"href":"https:\/\/www.symfollies.com\/tr\/wp-json\/wp\/v2\/users\/1"}],"replies":[{"embeddable":true,"href":"https:\/\/www.symfollies.com\/tr\/wp-json\/wp\/v2\/comments?post=1112"}],"version-history":[{"count":0,"href":"https:\/\/www.symfollies.com\/tr\/wp-json\/wp\/v2\/pages\/1112\/revisions"}],"up":[{"embeddable":true,"href":"https:\/\/www.symfollies.com\/tr\/wp-json\/wp\/v2\/pages\/1097"}],"wp:attachment":[{"href":"https:\/\/www.symfollies.com\/tr\/wp-json\/wp\/v2\/media?parent=1112"}],"curies":[{"name":"wp","href":"https:\/\/api.w.org\/{rel}","templated":true}]}}