{"id":1129,"date":"2021-08-03T13:28:31","date_gmt":"2021-08-03T11:28:31","guid":{"rendered":"https:\/\/www.symfollies.com\/concerten\/symfollies-in-concert\/"},"modified":"2021-08-09T11:36:22","modified_gmt":"2021-08-09T09:36:22","slug":"symfollies-in-concert","status":"publish","type":"page","link":"https:\/\/www.symfollies.com\/tr\/concerten\/symfollies-in-concert\/","title":{"rendered":"Symfollies Konserleri"},"content":{"rendered":"<p>Arkadaki dev ekranda dizi b\u00f6l\u00fcmleri g\u00f6sterilirken b\u00fcy\u00fck senfoni orkestras\u0131 da canl\u0131 olarak klasik m\u00fczik \u00e7almaktad\u0131r. \u00dcnl\u00fc bir akt\u00f6r veya aktris sunuculuk yaparak seyirciyi komik ve ho\u015f bir \u015fekilde t\u00fcm konser boyunca y\u00f6nlendirir.<\/p>\n<p><img loading=\"lazy\" decoding=\"async\" class=\"alignnone size-full wp-image-169\" src=\"https:\/\/www.symfollies.com\/wp-content\/uploads\/2021\/08\/concert.jpg\" alt=\"\" width=\"280\" height=\"307\" srcset=\"https:\/\/www.symfollies.com\/wp-content\/uploads\/2021\/08\/concert.jpg 280w, https:\/\/www.symfollies.com\/wp-content\/uploads\/2021\/08\/concert-274x300.jpg 274w\" sizes=\"auto, (max-width: 280px) 100vw, 280px\" \/><\/p>\n","protected":false},"excerpt":{"rendered":"<p>Arkadaki dev ekranda dizi b\u00f6l\u00fcmleri g\u00f6sterilirken b\u00fcy\u00fck senfoni orkestras\u0131 da canl\u0131 olarak klasik m\u00fczik \u00e7almaktad\u0131r. \u00dcnl\u00fc bir akt\u00f6r veya aktris sunuculuk yaparak seyirciyi&#8230;<\/p>\n","protected":false},"author":1,"featured_media":0,"parent":1020,"menu_order":0,"comment_status":"closed","ping_status":"closed","template":"","meta":{"_acf_changed":false,"inline_featured_image":false,"_exactmetrics_skip_tracking":false,"_exactmetrics_sitenote_active":false,"_exactmetrics_sitenote_note":"","_exactmetrics_sitenote_category":0,"footnotes":""},"class_list":["post-1129","page","type-page","status-publish","hentry"],"acf":[],"yoast_head":"<!-- This site is optimized with the Yoast SEO plugin v27.0 - https:\/\/yoast.com\/product\/yoast-seo-wordpress\/ -->\n<title>Symfollies Konserleri<\/title>\n<meta name=\"robots\" content=\"index, follow, max-snippet:-1, max-image-preview:large, max-video-preview:-1\" \/>\n<link rel=\"canonical\" href=\"https:\/\/www.symfollies.com\/tr\/concerten\/symfollies-in-concert\/\" \/>\n<meta property=\"og:locale\" content=\"tr_TR\" \/>\n<meta property=\"og:type\" content=\"article\" \/>\n<meta property=\"og:title\" content=\"Symfollies Konserleri\" \/>\n<meta property=\"og:description\" content=\"Arkadaki dev ekranda dizi b\u00f6l\u00fcmleri g\u00f6sterilirken b\u00fcy\u00fck senfoni orkestras\u0131 da canl\u0131 olarak klasik m\u00fczik \u00e7almaktad\u0131r. \u00dcnl\u00fc bir akt\u00f6r veya aktris sunuculuk yaparak seyirciyi...\" \/>\n<meta property=\"og:url\" content=\"https:\/\/www.symfollies.com\/tr\/concerten\/symfollies-in-concert\/\" \/>\n<meta property=\"og:site_name\" content=\"Symfollies\" \/>\n<meta property=\"article:modified_time\" content=\"2021-08-09T09:36:22+00:00\" \/>\n<meta property=\"og:image\" content=\"https:\/\/www.symfollies.com\/wp-content\/uploads\/2021\/08\/concert.jpg\" \/>\n<meta name=\"twitter:card\" content=\"summary_large_image\" \/>\n<meta name=\"twitter:label1\" content=\"Tahmini okuma s\u00fcresi\" \/>\n\t<meta name=\"twitter:data1\" content=\"1 dakika\" \/>\n<script type=\"application\/ld+json\" class=\"yoast-schema-graph\">{\"@context\":\"https:\/\/schema.org\",\"@graph\":[{\"@type\":\"WebPage\",\"@id\":\"https:\/\/www.symfollies.com\/tr\/concerten\/symfollies-in-concert\/\",\"url\":\"https:\/\/www.symfollies.com\/tr\/concerten\/symfollies-in-concert\/\",\"name\":\"Symfollies Konserleri\",\"isPartOf\":{\"@id\":\"https:\/\/www.symfollies.com\/nl\/#website\"},\"primaryImageOfPage\":{\"@id\":\"https:\/\/www.symfollies.com\/tr\/concerten\/symfollies-in-concert\/#primaryimage\"},\"image\":{\"@id\":\"https:\/\/www.symfollies.com\/tr\/concerten\/symfollies-in-concert\/#primaryimage\"},\"thumbnailUrl\":\"https:\/\/www.symfollies.com\/wp-content\/uploads\/2021\/08\/concert.jpg\",\"datePublished\":\"2021-08-03T11:28:31+00:00\",\"dateModified\":\"2021-08-09T09:36:22+00:00\",\"breadcrumb\":{\"@id\":\"https:\/\/www.symfollies.com\/tr\/concerten\/symfollies-in-concert\/#breadcrumb\"},\"inLanguage\":\"tr\",\"potentialAction\":[{\"@type\":\"ReadAction\",\"target\":[\"https:\/\/www.symfollies.com\/tr\/concerten\/symfollies-in-concert\/\"]}]},{\"@type\":\"ImageObject\",\"inLanguage\":\"tr\",\"@id\":\"https:\/\/www.symfollies.com\/tr\/concerten\/symfollies-in-concert\/#primaryimage\",\"url\":\"https:\/\/www.symfollies.com\/wp-content\/uploads\/2021\/08\/concert.jpg\",\"contentUrl\":\"https:\/\/www.symfollies.com\/wp-content\/uploads\/2021\/08\/concert.jpg\"},{\"@type\":\"BreadcrumbList\",\"@id\":\"https:\/\/www.symfollies.com\/tr\/concerten\/symfollies-in-concert\/#breadcrumb\",\"itemListElement\":[{\"@type\":\"ListItem\",\"position\":1,\"name\":\"Home\",\"item\":\"https:\/\/www.symfollies.com\/tr\/\"},{\"@type\":\"ListItem\",\"position\":2,\"name\":\"Konserler\",\"item\":\"https:\/\/www.symfollies.com\/tr\/concerten\/\"},{\"@type\":\"ListItem\",\"position\":3,\"name\":\"Symfollies Konserleri\"}]},{\"@type\":\"WebSite\",\"@id\":\"https:\/\/www.symfollies.com\/nl\/#website\",\"url\":\"https:\/\/www.symfollies.com\/nl\/\",\"name\":\"Symfollies\",\"description\":\"\",\"publisher\":{\"@id\":\"https:\/\/www.symfollies.com\/nl\/#organization\"},\"potentialAction\":[{\"@type\":\"SearchAction\",\"target\":{\"@type\":\"EntryPoint\",\"urlTemplate\":\"https:\/\/www.symfollies.com\/nl\/?s={search_term_string}\"},\"query-input\":{\"@type\":\"PropertyValueSpecification\",\"valueRequired\":true,\"valueName\":\"search_term_string\"}}],\"inLanguage\":\"tr\"},{\"@type\":\"Organization\",\"@id\":\"https:\/\/www.symfollies.com\/nl\/#organization\",\"name\":\"Symfollies\",\"url\":\"https:\/\/www.symfollies.com\/nl\/\",\"logo\":{\"@type\":\"ImageObject\",\"inLanguage\":\"tr\",\"@id\":\"https:\/\/www.symfollies.com\/nl\/#\/schema\/logo\/image\/\",\"url\":\"https:\/\/www.symfollies.com\/wp-content\/uploads\/2021\/08\/logo.png\",\"contentUrl\":\"https:\/\/www.symfollies.com\/wp-content\/uploads\/2021\/08\/logo.png\",\"width\":450,\"height\":201,\"caption\":\"Symfollies\"},\"image\":{\"@id\":\"https:\/\/www.symfollies.com\/nl\/#\/schema\/logo\/image\/\"}}]}<\/script>\n<!-- \/ Yoast SEO plugin. -->","yoast_head_json":{"title":"Symfollies Konserleri","robots":{"index":"index","follow":"follow","max-snippet":"max-snippet:-1","max-image-preview":"max-image-preview:large","max-video-preview":"max-video-preview:-1"},"canonical":"https:\/\/www.symfollies.com\/tr\/concerten\/symfollies-in-concert\/","og_locale":"tr_TR","og_type":"article","og_title":"Symfollies Konserleri","og_description":"Arkadaki dev ekranda dizi b\u00f6l\u00fcmleri g\u00f6sterilirken b\u00fcy\u00fck senfoni orkestras\u0131 da canl\u0131 olarak klasik m\u00fczik \u00e7almaktad\u0131r. \u00dcnl\u00fc bir akt\u00f6r veya aktris sunuculuk yaparak seyirciyi...","og_url":"https:\/\/www.symfollies.com\/tr\/concerten\/symfollies-in-concert\/","og_site_name":"Symfollies","article_modified_time":"2021-08-09T09:36:22+00:00","og_image":[{"url":"https:\/\/www.symfollies.com\/wp-content\/uploads\/2021\/08\/concert.jpg","type":"","width":"","height":""}],"twitter_card":"summary_large_image","twitter_misc":{"Tahmini okuma s\u00fcresi":"1 dakika"},"schema":{"@context":"https:\/\/schema.org","@graph":[{"@type":"WebPage","@id":"https:\/\/www.symfollies.com\/tr\/concerten\/symfollies-in-concert\/","url":"https:\/\/www.symfollies.com\/tr\/concerten\/symfollies-in-concert\/","name":"Symfollies Konserleri","isPartOf":{"@id":"https:\/\/www.symfollies.com\/nl\/#website"},"primaryImageOfPage":{"@id":"https:\/\/www.symfollies.com\/tr\/concerten\/symfollies-in-concert\/#primaryimage"},"image":{"@id":"https:\/\/www.symfollies.com\/tr\/concerten\/symfollies-in-concert\/#primaryimage"},"thumbnailUrl":"https:\/\/www.symfollies.com\/wp-content\/uploads\/2021\/08\/concert.jpg","datePublished":"2021-08-03T11:28:31+00:00","dateModified":"2021-08-09T09:36:22+00:00","breadcrumb":{"@id":"https:\/\/www.symfollies.com\/tr\/concerten\/symfollies-in-concert\/#breadcrumb"},"inLanguage":"tr","potentialAction":[{"@type":"ReadAction","target":["https:\/\/www.symfollies.com\/tr\/concerten\/symfollies-in-concert\/"]}]},{"@type":"ImageObject","inLanguage":"tr","@id":"https:\/\/www.symfollies.com\/tr\/concerten\/symfollies-in-concert\/#primaryimage","url":"https:\/\/www.symfollies.com\/wp-content\/uploads\/2021\/08\/concert.jpg","contentUrl":"https:\/\/www.symfollies.com\/wp-content\/uploads\/2021\/08\/concert.jpg"},{"@type":"BreadcrumbList","@id":"https:\/\/www.symfollies.com\/tr\/concerten\/symfollies-in-concert\/#breadcrumb","itemListElement":[{"@type":"ListItem","position":1,"name":"Home","item":"https:\/\/www.symfollies.com\/tr\/"},{"@type":"ListItem","position":2,"name":"Konserler","item":"https:\/\/www.symfollies.com\/tr\/concerten\/"},{"@type":"ListItem","position":3,"name":"Symfollies Konserleri"}]},{"@type":"WebSite","@id":"https:\/\/www.symfollies.com\/nl\/#website","url":"https:\/\/www.symfollies.com\/nl\/","name":"Symfollies","description":"","publisher":{"@id":"https:\/\/www.symfollies.com\/nl\/#organization"},"potentialAction":[{"@type":"SearchAction","target":{"@type":"EntryPoint","urlTemplate":"https:\/\/www.symfollies.com\/nl\/?s={search_term_string}"},"query-input":{"@type":"PropertyValueSpecification","valueRequired":true,"valueName":"search_term_string"}}],"inLanguage":"tr"},{"@type":"Organization","@id":"https:\/\/www.symfollies.com\/nl\/#organization","name":"Symfollies","url":"https:\/\/www.symfollies.com\/nl\/","logo":{"@type":"ImageObject","inLanguage":"tr","@id":"https:\/\/www.symfollies.com\/nl\/#\/schema\/logo\/image\/","url":"https:\/\/www.symfollies.com\/wp-content\/uploads\/2021\/08\/logo.png","contentUrl":"https:\/\/www.symfollies.com\/wp-content\/uploads\/2021\/08\/logo.png","width":450,"height":201,"caption":"Symfollies"},"image":{"@id":"https:\/\/www.symfollies.com\/nl\/#\/schema\/logo\/image\/"}}]}},"_links":{"self":[{"href":"https:\/\/www.symfollies.com\/tr\/wp-json\/wp\/v2\/pages\/1129","targetHints":{"allow":["GET"]}}],"collection":[{"href":"https:\/\/www.symfollies.com\/tr\/wp-json\/wp\/v2\/pages"}],"about":[{"href":"https:\/\/www.symfollies.com\/tr\/wp-json\/wp\/v2\/types\/page"}],"author":[{"embeddable":true,"href":"https:\/\/www.symfollies.com\/tr\/wp-json\/wp\/v2\/users\/1"}],"replies":[{"embeddable":true,"href":"https:\/\/www.symfollies.com\/tr\/wp-json\/wp\/v2\/comments?post=1129"}],"version-history":[{"count":0,"href":"https:\/\/www.symfollies.com\/tr\/wp-json\/wp\/v2\/pages\/1129\/revisions"}],"up":[{"embeddable":true,"href":"https:\/\/www.symfollies.com\/tr\/wp-json\/wp\/v2\/pages\/1020"}],"wp:attachment":[{"href":"https:\/\/www.symfollies.com\/tr\/wp-json\/wp\/v2\/media?parent=1129"}],"curies":[{"name":"wp","href":"https:\/\/api.w.org\/{rel}","templated":true}]}}