{"id":1140,"date":"2021-08-03T13:28:46","date_gmt":"2021-08-03T11:28:46","guid":{"rendered":"https:\/\/www.symfollies.com\/concerten\/symfollies-in-c-minor\/"},"modified":"2021-08-09T12:32:24","modified_gmt":"2021-08-09T10:32:24","slug":"symfollies-in-c-minor","status":"publish","type":"page","link":"https:\/\/www.symfollies.com\/tr\/concerten\/symfollies-in-c-minor\/","title":{"rendered":"Symfollies in C minor"},"content":{"rendered":"<p>Bu da Symfollies konserlerinin bir benzeridir. B\u00fcy\u00fck bir senfonik orkestra yerine bu kez d\u00f6rt yayl\u0131 \u00e7alg\u0131 ve bir pianodan olu\u015fan oda orkestras\u0131 canl\u0131 olarak klasik m\u00fczik \u00e7almaktad\u0131r. Ge\u00e7ti\u011fimiz y\u0131l, Kinepolis ile organize etti\u011fimiz ba\u015far\u0131l\u0131 bir konser turu sayesinde sinema tutkunlar\u0131n\u0131 \u015fa\u015f\u0131rtt\u0131k, bundan da gurur duyduk\u2026<\/p>\n","protected":false},"excerpt":{"rendered":"<p>Bu da Symfollies konserlerinin bir benzeridir. B\u00fcy\u00fck bir senfonik orkestra yerine bu kez d\u00f6rt yayl\u0131 \u00e7alg\u0131 ve bir pianodan olu\u015fan oda orkestras\u0131 canl\u0131&#8230;<\/p>\n","protected":false},"author":1,"featured_media":0,"parent":1020,"menu_order":0,"comment_status":"closed","ping_status":"closed","template":"","meta":{"_acf_changed":false,"inline_featured_image":false,"_exactmetrics_skip_tracking":false,"_exactmetrics_sitenote_active":false,"_exactmetrics_sitenote_note":"","_exactmetrics_sitenote_category":0,"footnotes":""},"class_list":["post-1140","page","type-page","status-publish","hentry"],"acf":[],"yoast_head":"<!-- This site is optimized with the Yoast SEO plugin v27.0 - https:\/\/yoast.com\/product\/yoast-seo-wordpress\/ -->\n<title>Symfollies in C minor<\/title>\n<meta name=\"robots\" content=\"index, follow, max-snippet:-1, max-image-preview:large, max-video-preview:-1\" \/>\n<link rel=\"canonical\" href=\"https:\/\/www.symfollies.com\/tr\/concerten\/symfollies-in-c-minor\/\" \/>\n<meta property=\"og:locale\" content=\"tr_TR\" \/>\n<meta property=\"og:type\" content=\"article\" \/>\n<meta property=\"og:title\" content=\"Symfollies in C minor\" \/>\n<meta property=\"og:description\" content=\"Bu da Symfollies konserlerinin bir benzeridir. B\u00fcy\u00fck bir senfonik orkestra yerine bu kez d\u00f6rt yayl\u0131 \u00e7alg\u0131 ve bir pianodan olu\u015fan oda orkestras\u0131 canl\u0131...\" \/>\n<meta property=\"og:url\" content=\"https:\/\/www.symfollies.com\/tr\/concerten\/symfollies-in-c-minor\/\" \/>\n<meta property=\"og:site_name\" content=\"Symfollies\" \/>\n<meta property=\"article:modified_time\" content=\"2021-08-09T10:32:24+00:00\" \/>\n<meta property=\"og:image\" content=\"https:\/\/www.symfollies.com\/wp-content\/uploads\/2021\/08\/logo.png\" \/>\n\t<meta property=\"og:image:width\" content=\"450\" \/>\n\t<meta property=\"og:image:height\" content=\"201\" \/>\n\t<meta property=\"og:image:type\" content=\"image\/png\" \/>\n<meta name=\"twitter:card\" content=\"summary_large_image\" \/>\n<meta name=\"twitter:label1\" content=\"Tahmini okuma s\u00fcresi\" \/>\n\t<meta name=\"twitter:data1\" content=\"1 dakika\" \/>\n<script type=\"application\/ld+json\" class=\"yoast-schema-graph\">{\"@context\":\"https:\/\/schema.org\",\"@graph\":[{\"@type\":\"WebPage\",\"@id\":\"https:\/\/www.symfollies.com\/tr\/concerten\/symfollies-in-c-minor\/\",\"url\":\"https:\/\/www.symfollies.com\/tr\/concerten\/symfollies-in-c-minor\/\",\"name\":\"Symfollies in C minor\",\"isPartOf\":{\"@id\":\"https:\/\/www.symfollies.com\/nl\/#website\"},\"datePublished\":\"2021-08-03T11:28:46+00:00\",\"dateModified\":\"2021-08-09T10:32:24+00:00\",\"breadcrumb\":{\"@id\":\"https:\/\/www.symfollies.com\/tr\/concerten\/symfollies-in-c-minor\/#breadcrumb\"},\"inLanguage\":\"tr\",\"potentialAction\":[{\"@type\":\"ReadAction\",\"target\":[\"https:\/\/www.symfollies.com\/tr\/concerten\/symfollies-in-c-minor\/\"]}]},{\"@type\":\"BreadcrumbList\",\"@id\":\"https:\/\/www.symfollies.com\/tr\/concerten\/symfollies-in-c-minor\/#breadcrumb\",\"itemListElement\":[{\"@type\":\"ListItem\",\"position\":1,\"name\":\"Home\",\"item\":\"https:\/\/www.symfollies.com\/tr\/\"},{\"@type\":\"ListItem\",\"position\":2,\"name\":\"Konserler\",\"item\":\"https:\/\/www.symfollies.com\/tr\/concerten\/\"},{\"@type\":\"ListItem\",\"position\":3,\"name\":\"Symfollies in C minor\"}]},{\"@type\":\"WebSite\",\"@id\":\"https:\/\/www.symfollies.com\/nl\/#website\",\"url\":\"https:\/\/www.symfollies.com\/nl\/\",\"name\":\"Symfollies\",\"description\":\"\",\"publisher\":{\"@id\":\"https:\/\/www.symfollies.com\/nl\/#organization\"},\"potentialAction\":[{\"@type\":\"SearchAction\",\"target\":{\"@type\":\"EntryPoint\",\"urlTemplate\":\"https:\/\/www.symfollies.com\/nl\/?s={search_term_string}\"},\"query-input\":{\"@type\":\"PropertyValueSpecification\",\"valueRequired\":true,\"valueName\":\"search_term_string\"}}],\"inLanguage\":\"tr\"},{\"@type\":\"Organization\",\"@id\":\"https:\/\/www.symfollies.com\/nl\/#organization\",\"name\":\"Symfollies\",\"url\":\"https:\/\/www.symfollies.com\/nl\/\",\"logo\":{\"@type\":\"ImageObject\",\"inLanguage\":\"tr\",\"@id\":\"https:\/\/www.symfollies.com\/nl\/#\/schema\/logo\/image\/\",\"url\":\"https:\/\/www.symfollies.com\/wp-content\/uploads\/2021\/08\/logo.png\",\"contentUrl\":\"https:\/\/www.symfollies.com\/wp-content\/uploads\/2021\/08\/logo.png\",\"width\":450,\"height\":201,\"caption\":\"Symfollies\"},\"image\":{\"@id\":\"https:\/\/www.symfollies.com\/nl\/#\/schema\/logo\/image\/\"}}]}<\/script>\n<!-- \/ Yoast SEO plugin. -->","yoast_head_json":{"title":"Symfollies in C minor","robots":{"index":"index","follow":"follow","max-snippet":"max-snippet:-1","max-image-preview":"max-image-preview:large","max-video-preview":"max-video-preview:-1"},"canonical":"https:\/\/www.symfollies.com\/tr\/concerten\/symfollies-in-c-minor\/","og_locale":"tr_TR","og_type":"article","og_title":"Symfollies in C minor","og_description":"Bu da Symfollies konserlerinin bir benzeridir. B\u00fcy\u00fck bir senfonik orkestra yerine bu kez d\u00f6rt yayl\u0131 \u00e7alg\u0131 ve bir pianodan olu\u015fan oda orkestras\u0131 canl\u0131...","og_url":"https:\/\/www.symfollies.com\/tr\/concerten\/symfollies-in-c-minor\/","og_site_name":"Symfollies","article_modified_time":"2021-08-09T10:32:24+00:00","og_image":[{"width":450,"height":201,"url":"https:\/\/www.symfollies.com\/wp-content\/uploads\/2021\/08\/logo.png","type":"image\/png"}],"twitter_card":"summary_large_image","twitter_misc":{"Tahmini okuma s\u00fcresi":"1 dakika"},"schema":{"@context":"https:\/\/schema.org","@graph":[{"@type":"WebPage","@id":"https:\/\/www.symfollies.com\/tr\/concerten\/symfollies-in-c-minor\/","url":"https:\/\/www.symfollies.com\/tr\/concerten\/symfollies-in-c-minor\/","name":"Symfollies in C minor","isPartOf":{"@id":"https:\/\/www.symfollies.com\/nl\/#website"},"datePublished":"2021-08-03T11:28:46+00:00","dateModified":"2021-08-09T10:32:24+00:00","breadcrumb":{"@id":"https:\/\/www.symfollies.com\/tr\/concerten\/symfollies-in-c-minor\/#breadcrumb"},"inLanguage":"tr","potentialAction":[{"@type":"ReadAction","target":["https:\/\/www.symfollies.com\/tr\/concerten\/symfollies-in-c-minor\/"]}]},{"@type":"BreadcrumbList","@id":"https:\/\/www.symfollies.com\/tr\/concerten\/symfollies-in-c-minor\/#breadcrumb","itemListElement":[{"@type":"ListItem","position":1,"name":"Home","item":"https:\/\/www.symfollies.com\/tr\/"},{"@type":"ListItem","position":2,"name":"Konserler","item":"https:\/\/www.symfollies.com\/tr\/concerten\/"},{"@type":"ListItem","position":3,"name":"Symfollies in C minor"}]},{"@type":"WebSite","@id":"https:\/\/www.symfollies.com\/nl\/#website","url":"https:\/\/www.symfollies.com\/nl\/","name":"Symfollies","description":"","publisher":{"@id":"https:\/\/www.symfollies.com\/nl\/#organization"},"potentialAction":[{"@type":"SearchAction","target":{"@type":"EntryPoint","urlTemplate":"https:\/\/www.symfollies.com\/nl\/?s={search_term_string}"},"query-input":{"@type":"PropertyValueSpecification","valueRequired":true,"valueName":"search_term_string"}}],"inLanguage":"tr"},{"@type":"Organization","@id":"https:\/\/www.symfollies.com\/nl\/#organization","name":"Symfollies","url":"https:\/\/www.symfollies.com\/nl\/","logo":{"@type":"ImageObject","inLanguage":"tr","@id":"https:\/\/www.symfollies.com\/nl\/#\/schema\/logo\/image\/","url":"https:\/\/www.symfollies.com\/wp-content\/uploads\/2021\/08\/logo.png","contentUrl":"https:\/\/www.symfollies.com\/wp-content\/uploads\/2021\/08\/logo.png","width":450,"height":201,"caption":"Symfollies"},"image":{"@id":"https:\/\/www.symfollies.com\/nl\/#\/schema\/logo\/image\/"}}]}},"_links":{"self":[{"href":"https:\/\/www.symfollies.com\/tr\/wp-json\/wp\/v2\/pages\/1140","targetHints":{"allow":["GET"]}}],"collection":[{"href":"https:\/\/www.symfollies.com\/tr\/wp-json\/wp\/v2\/pages"}],"about":[{"href":"https:\/\/www.symfollies.com\/tr\/wp-json\/wp\/v2\/types\/page"}],"author":[{"embeddable":true,"href":"https:\/\/www.symfollies.com\/tr\/wp-json\/wp\/v2\/users\/1"}],"replies":[{"embeddable":true,"href":"https:\/\/www.symfollies.com\/tr\/wp-json\/wp\/v2\/comments?post=1140"}],"version-history":[{"count":0,"href":"https:\/\/www.symfollies.com\/tr\/wp-json\/wp\/v2\/pages\/1140\/revisions"}],"up":[{"embeddable":true,"href":"https:\/\/www.symfollies.com\/tr\/wp-json\/wp\/v2\/pages\/1020"}],"wp:attachment":[{"href":"https:\/\/www.symfollies.com\/tr\/wp-json\/wp\/v2\/media?parent=1140"}],"curies":[{"name":"wp","href":"https:\/\/api.w.org\/{rel}","templated":true}]}}